{"id":271,"date":"2020-03-04T09:02:58","date_gmt":"2020-03-04T08:02:58","guid":{"rendered":"http:\/\/neu.germanica.at\/?page_id=271"},"modified":"2021-01-27T11:54:59","modified_gmt":"2021-01-27T10:54:59","slug":"agb","status":"publish","type":"page","link":"https:\/\/www.germanica.at\/gmbh\/agb\/","title":{"rendered":"AGB"},"content":{"rendered":"\t\t<div data-elementor-type=\"wp-post\" data-elementor-id=\"271\" class=\"elementor elementor-271\" data-elementor-post-type=\"page\">\n\t\t\t\t\t\t<section class=\"elementor-section elementor-top-section elementor-element elementor-element-c13f331 elementor-section-full_width elementor-section-height-default elementor-section-height-default\" data-id=\"c13f331\" data-element_type=\"section\">\n\t\t\t\t\t\t<div class=\"elementor-container elementor-column-gap-no\">\n\t\t\t\t\t<div class=\"elementor-column elementor-col-100 elementor-top-column elementor-element elementor-element-3f733f7\" data-id=\"3f733f7\" data-element_type=\"column\">\n\t\t\t<div class=\"elementor-widget-wrap elementor-element-populated\">\n\t\t\t\t\t\t<div class=\"elementor-element elementor-element-2d1294e elementor-widget elementor-widget-shortcode\" data-id=\"2d1294e\" data-element_type=\"widget\" data-widget_type=\"shortcode.default\">\n\t\t\t\t<div class=\"elementor-widget-container\">\n\t\t\t\t\t\t\t<div class=\"elementor-shortcode\">\t\t<div data-elementor-type=\"wp-post\" data-elementor-id=\"504\" class=\"elementor elementor-504\" data-elementor-post-type=\"elementor-hf\">\n\t\t\t\t\t\t<section class=\"elementor-section elementor-top-section elementor-element elementor-element-312b255 elementor-section-boxed elementor-section-height-default elementor-section-height-default\" data-id=\"312b255\" data-element_type=\"section\" data-settings=\"{&quot;background_background&quot;:&quot;classic&quot;}\">\n\t\t\t\t\t\t<div class=\"elementor-container elementor-column-gap-default\">\n\t\t\t\t\t<div class=\"elementor-column elementor-col-50 elementor-top-column elementor-element elementor-element-daa0d67\" data-id=\"daa0d67\" data-element_type=\"column\">\n\t\t\t<div class=\"elementor-widget-wrap elementor-element-populated\">\n\t\t\t\t\t\t<div class=\"elementor-element elementor-element-74075e2 elementor-widget elementor-widget-heading\" data-id=\"74075e2\" data-element_type=\"widget\" data-widget_type=\"heading.default\">\n\t\t\t\t<div class=\"elementor-widget-container\">\n\t\t\t\t\t<h2 class=\"elementor-heading-title elementor-size-large\"><span style=\"color:#FFF\">W\u00f6chentlicher Kursbeginn<\/span><br>Eigene B\u00fccher <a class=\"header-link\" href=\"https:\/\/www.calamus.at\/uber-die-bucher-3\/\" target=\"_blank\">Gemeinsam<\/a><br><a class=\"header-link\" href=\"\/gmbh\/shop\/\" target=\"_self\">Online-Kurse<\/a><\/h2>\t\t\t\t<\/div>\n\t\t\t\t<\/div>\n\t\t\t\t\t<\/div>\n\t\t<\/div>\n\t\t\t\t<div class=\"elementor-column elementor-col-50 elementor-top-column elementor-element elementor-element-00e4681\" data-id=\"00e4681\" data-element_type=\"column\">\n\t\t\t<div class=\"elementor-widget-wrap elementor-element-populated\">\n\t\t\t\t\t\t<div class=\"elementor-element elementor-element-971f8e0 elementor-widget elementor-widget-text-editor\" data-id=\"971f8e0\" data-element_type=\"widget\" data-widget_type=\"text-editor.default\">\n\t\t\t\t<div class=\"elementor-widget-container\">\n\t\t\t\t\t\t\t\t\t<h1 style=\"text-align: center;\"><strong>Sprache ist Macht.<\/strong><\/h1>\t\t\t\t\t\t\t\t<\/div>\n\t\t\t\t<\/div>\n\t\t\t\t\t<\/div>\n\t\t<\/div>\n\t\t\t\t\t<\/div>\n\t\t<\/section>\n\t\t\t\t<\/div>\n\t\t<\/div>\n\t\t\t\t\t\t<\/div>\n\t\t\t\t<\/div>\n\t\t\t\t\t<\/div>\n\t\t<\/div>\n\t\t\t\t\t<\/div>\n\t\t<\/section>\n\t\t\t\t<section class=\"elementor-section elementor-top-section elementor-element elementor-element-d7dcc4b elementor-section-boxed elementor-section-height-default elementor-section-height-default\" data-id=\"d7dcc4b\" data-element_type=\"section\" data-settings=\"{&quot;background_background&quot;:&quot;classic&quot;}\">\n\t\t\t\t\t\t<div class=\"elementor-container elementor-column-gap-wider\">\n\t\t\t\t\t<div class=\"elementor-column elementor-col-50 elementor-top-column elementor-element elementor-element-ce3da52\" data-id=\"ce3da52\" data-element_type=\"column\">\n\t\t\t<div class=\"elementor-widget-wrap elementor-element-populated\">\n\t\t\t\t\t\t<div class=\"elementor-element elementor-element-fbb4b8b elementor-widget elementor-widget-heading\" data-id=\"fbb4b8b\" data-element_type=\"widget\" data-widget_type=\"heading.default\">\n\t\t\t\t<div class=\"elementor-widget-container\">\n\t\t\t\t\t<h2 class=\"elementor-heading-title elementor-size-default\">AGB<\/h2>\t\t\t\t<\/div>\n\t\t\t\t<\/div>\n\t\t\t\t<div class=\"elementor-element elementor-element-15e0d36 elementor-invisible elementor-widget elementor-widget-text-editor\" data-id=\"15e0d36\" data-element_type=\"widget\" data-settings=\"{&quot;_animation&quot;:&quot;fadeIn&quot;}\" data-widget_type=\"text-editor.default\">\n\t\t\t\t<div class=\"elementor-widget-container\">\n\t\t\t\t\t\t\t\t\t<p>ALLGEMEINE GESCH\u00c4FTSBEDINGUNGEN (AGB)<\/p><p><br>1. G\u00fcltigkeit der Gesch\u00e4ftsbedingungen<br>Die nachfolgenden Gesch\u00e4ftsbedingungen der Germanica Bildungsinstituts GmbH (im Folgenden kurz \u201eGermanica\u201c) gelten als Grundlage f\u00fcr die Vertragsabschl\u00fcsse s\u00e4mtlicher von Germanica angebotener Dienstleistungen und Produkte, insbesondere f\u00fcr die Buchung von Sprachkursen.<\/p>\n<p>2. Kursanmeldung<br>a) Die Buchung von Kursen ist pers\u00f6nlich vorzunehmen. Die Buchung ist ein verbindlicher Vertragsabschluss und verpflichtet die buchende Person (im Folgenden kurz \u201eKursteilnehmerInnen\u201c) zur Zahlung der Kursgeb\u00fchren.<br>b) F\u00fcr eine Buchung ist die Angabe von Vor- und Zuname, Geburtsdatum, Staatsb\u00fcrgerschaft Wohnadresse und Telefonnummer erforderlich. Allf\u00e4llige \u00c4nderungen dieser Daten sind Germanica umgehend pers\u00f6nlich oder schriftlich bekanntzugeben.<br>c) Anmeldeberechtigt sind Personen ab Vollendung des 14. Lebensjahres.<br>d) Die Inanspruchnahme von Erm\u00e4\u00dfigungen oder F\u00f6rderungen ist vor oder bei der Kursanmeldung anzugeben und sind die Nachweise dar\u00fcber sp\u00e4testens bei der Anmeldung vorzulegen, andernfalls kein Rechtsanspruch gegen\u00fcber Germanica auf die Inanspruchnahme der Erm\u00e4\u00dfigung oder F\u00f6rderung besteht.<\/p>\n<p>3. Kursgeb\u00fchren<br>a) Die aktuellen Kursgeb\u00fchren werden in den B\u00fcror\u00e4umlichkeiten von Germanica<br>ausgeh\u00e4ngt und auf der Homepage https:\/\/www.germanica.at\/gmbh\/ ausgewiesen.<br>b) Die Kursgeb\u00fchr kann entweder direkt in den B\u00fcror\u00e4umlichkeiten von Germanica bar, mit Bankomat- oder Kreditkarte oder per Online-Banking beglichen werden. Die Ratenzahlung kann beantragt werden und bedarf einer gesonderten Vereinbarung. In diesem Fall ist bei Verzug mit nur einer Rate der gesamte offene Betrag sofort f\u00e4llig.<\/p>\n<p>4. Kursbedingungen<br>a) Die Kursdauer ist in Unterrichtseinheiten geteilt. Eine Unterrichtseinheit (UE) dauert 60 Minuten und setzt sich zusammen aus 50 Minuten Unterricht und 10 Minuten Pause.<br>b) Terminzusagen seitens Germanica stehen unter dem Vorbehalt der Verf\u00fcgbarkeit entsprechender TrainerInnen. Germanica ist bem\u00fcht, bei Ausfall eines\/einer TrainerIn immer ein\/eine ErsatztrainerIn zur Verf\u00fcgung zu stellen. Die Wahl eines\/-r bestimmten TrainerIn durch die KursteilnehmerInnen ist ausgeschlossen. F\u00fcr ausgefallene Unterrichtseinheiten oder Programme bietet Germanica Ersatzunterrichtseinheiten an. Ist dies im Einzelfall nicht m\u00f6glich, verpflichtet sich Germanica zur unverz\u00fcglicher Benachrichtigung der KursteilnehmerInnen und werden die Kursgeb\u00fchren im Verh\u00e4ltnis der entfallenden Einheiten zu den gesamten Unterrichtseinheiten zur\u00fcckerstattet.<br>Ein Wechsel der TrainerInnen kann Bestandteil einer Lernmethode sein und berechtigt die KundInnen jedenfalls weder zur K\u00fcndigung noch zum R\u00fccktritt vom Vertrag.<br>c) Die KursteilnehmerInnen sind verpflichtet, Germanica unverz\u00fcglich nach Feststellen eines Mangels, entsprechend zu informieren und Abhilfe zu verlangen. Bei Nichteinhaltung dieser Verpflichtung sind jegliche Ersatzanspr\u00fcche der KursteilnehmerInnen ausgeschlossen, sofern diesen der Mangel bekannt war und sie keine Abhilfe von Germanica verlangt haben.<br>d) In den Pausen ist der Aufenthalt auf den G\u00e4ngen und im Stiegenhaus verboten. Die KursteilnehmerInnen haben sich in den Pausen entweder au\u00dferhalb des Geb\u00e4udes, im Hof oder im Kursraum aufzuhalten.<br>e) Germanica beh\u00e4lt sich vor, Kurse, bei welchen die angegebene oder erforderliche Mindestanzahl an KursteilnehmerInnen nicht erreicht wird, abzusagen. In diesem Fall wird die Kursgeb\u00fchr in voller H\u00f6he an die TeilnehmerInnen zur\u00fcckerstattet.<br>Germanica Bildungsinstitut GmbH<br>Felberstr. 2\/18 1150 Wien<br>+43 1 895 78 41<br>f) Geringf\u00fcgige \u00c4nderungen von Kursterminen und -zeiten aus wichtigem Grund durch Germanica sind zul\u00e4ssig.<br>g) Die Pr\u00fcfungsabmeldung ist bis 3 Tage vor einem Pr\u00fcfungstermin m\u00f6glich. Bei versp\u00e4teter Abmeldung wird die Pr\u00fcfungsgeb\u00fchr zur G\u00e4nze einbehalten.<br>5. Kursteilnahme<br>Bei Vorkenntnissen, die durch einen Einstufungstest festgestellt und \u00fcberpr\u00fcft werden, ist es m\u00f6glich in einen bereits laufenden Kurs einzusteigen und zwar in die jeweilige Stufe, deren Niveau die Vorkenntnisse nach \u00dcberpr\u00fcfung entsprechen.<br>Auch besteht in Ausnahmef\u00e4llen die M\u00f6glichkeit, zwischen den Kurszeiten zu wechseln, dies allerdings nur nach Absprache und mit Zustimmung von Germanica.<\/p>\n<p>6. Stornierung<br>a) Die Stornierung einer Buchung kann nur pers\u00f6nlich in den B\u00fcror\u00e4umlichkeiten von Germanica Felberstr.2\/8, 1150 Wien oder schriftlich erfolgen. Stornierungen durch TeilnehmerInnen sind bis sieben Tage vor Kursbeginn kostenfrei m\u00f6glich. Bei nicht frist- oder nicht formgerechter Stornierung sind die gesamten Kursgeb\u00fchren zu bezahlen.<\/p>\n<p>7. Haftung<br>a) Germanica \u00fcbernimmt in F\u00e4llen leichter Fahrl\u00e4ssigkeit keine Haftung f\u00fcr Sach- oder Verm\u00f6genssch\u00e4den der KundInnen, gleichg\u00fcltig, ob es sich um unmittelbare oder mittelbare Sch\u00e4den, Sch\u00e4den wegen Verzugs, entgangenen Gewinn, Mangelfolgesch\u00e4den, Unm\u00f6glichkeit, Verschuldens bei Vertragsabschluss oder wegen mangelhafter oder unvollst\u00e4ndiger Leistung handelt. Das Vorliegen von grober Fahrl\u00e4ssigkeit hat der Gesch\u00e4digte zu beweisen. Soweit die Haftung von Germanica ausgeschlossen oder beschr\u00e4nkt ist, gilt dies auch f\u00fcr die pers\u00f6nliche Haftung von deren Angestellten und von Germanica beauftragten Erf\u00fcllungsgehilfen.<br>b) Germanica haftet nicht f\u00fcr das Erreichen eines bestimmten individuellen Lernerfolges von KursteilnehmerInnen.<\/p>\n<p>8. Datenschutz<br>Germanica ist berechtigt, \u00fcbermittelte Daten oder sonst anvertraute personenbezogene Daten im Rahmen der Zweckbestimmung des Vertragsverh\u00e4ltnisses zu verarbeiten und diese Daten auch nach dem Ende des Vertragsverh\u00e4ltnisses zu speichern, wenn diese Speicherung oder Verarbeitung zur Erf\u00fcllung des Auftrages oder von gesetzlichen Pflichten (z.B. Daten f\u00fcr die Rechnungslegung) n\u00f6tig ist. Nach Ablauf dieser Frist werden die Daten gel\u00f6scht.<br>Soweit es sich um Angaben der KundInnen zur Kommunikation handelt (z. B. E-Mail-Adresse, Telefonnummer), d\u00fcrfen diese Kontaktdaten von Germanica verarbeitet und gespeichert werden und auch Nachrichten zu Werbezwecken im Sinne des \u00a7 107 TKG an die KundInnen gesendet werden. Diese Einwilligung kann jederzeit widerrufen werden.<br>Der Auftraggeber hat au\u00dferdem unter den Voraussetzungen der Bestimmungen des DSG das Recht, die L\u00f6schung seiner Daten zu verlangen. Diesem Recht wird aber nur dann entsprochen, wenn Germanica keine rechtliche Pflicht zur Speicherung der personenbezogenen Daten trifft.<\/p>\n<p>9. Ton-, Film- und Fotoaufnahmen<br>Germanica weist darauf hin, dass im Rahmen der von Germanica angebotenen Kurse und Aktivit\u00e4ten Ton-, Film- und Fotoaufnahmen gemacht werden d\u00fcrfen, die zur Ver\u00f6ffentlichung bestimmt sind. Die KundInnen erkl\u00e4ren hiermit ihre ausdr\u00fcckliche Zustimmung, dass diese Aufnahmen von Germanica entsch\u00e4digungslos und ohne zeitliche, sachliche und \u00f6rtliche Einschr\u00e4nkung ver\u00f6ffentlicht und ausgewertet werden d\u00fcrfen. Auch die Nutzung zu Werbezwecken durch Germanica wird ausdr\u00fccklich gestattet.<br>Germanica Bildungsinstitut GmbH<br>Felberstr. 2\/18 1150 Wien<br>+43 1 895 78 41<\/p>\n<p>10. Urheberrechte<br>a) Die von Germanica ausgeh\u00e4ndigten B\u00fccher,Arbeitsunterlagen und -materialien sind urheberrechtlich gesch\u00fctzt und ausschlie\u00dflich f\u00fcr den pers\u00f6nlichen Gebrauch der KursteilnehmerInnen bestimmt.<br>b) Sie d\u00fcrfen ohneZustimmung der Urheber \u2013 nicht vervielf\u00e4ltigt, gespeichert, \u00fcbersetzt verarbeitet, an Dritte weitergegeben oder sonst gewerblich genutzt werden. Dies auch nicht in Teilen oder in \u00fcberarbeiteter Form.<br>c) Die KundInnen verpflichten sich, Germanica im Fall urheberrechtlicher Anspr\u00fcche aus von ihnen verursachten Verst\u00f6\u00dfen gegen das Urheberrecht schad- und klaglos zu halten.<\/p>\n<p>11. Hausordnung<br>Die KundInnen sind verpflichtet, sich an die ausgeh\u00e4ngte Hausordnung am jeweiligen Standort von Germanica zu halten.<\/p>\n<p>12. Rechtsform<br>Die Germanica Bildungsinstitut GmbH ist eine Gesellschaft mit beschr\u00e4nkter Haftung nach \u00f6sterreichischem Recht mit Sitz in Wien und der Gesch\u00e4ftsnschrift 1150 Wien,<br>Felberstra\u00dfe 2\/18. Die Eintragung in das Firmenbuch des Handelsgerichts in Wien erfolgte unter der Nummer: FN 374304y.<\/p>\n<p>13. Schlussbestimmungen<br>a) Ausschlie\u00dflicher Gerichtsstand f\u00fcr alle Streitigkeiten aus und in Zusammenhang mit diesen AGB ist das f\u00fcr Wien Innere Stadt sachlich zust\u00e4ndige Gericht. F\u00fcr Verbraucher im Sinne des \u00a7 14 KSchG gelten die gesetzlichen Gerichtsst\u00e4nde.<br>b) Das Vertragsverh\u00e4ltnis unterliegt materiellem \u00f6sterreichischem Recht unter Ausschluss seiner Kollisionsnormen und des UN-Kaufrechts.<br>c) \u00c4nderungen und Erg\u00e4nzungen des Vertrages bed\u00fcrfen der Schriftform.<br>d) Sollte eine der vorstehenden Bestimmungen unwirksam sein, ist diese durch eine wirksame Bestimmung mit \u00e4hnlicher Zweckrichtung zu ersetzen.<\/p>\n<p>Germanica Bildungsinstitut GmbH<br>J\u00e4nner 2021<\/p>\t\t\t\t\t\t\t\t<\/div>\n\t\t\t\t<\/div>\n\t\t\t\t\t<\/div>\n\t\t<\/div>\n\t\t\t\t<div class=\"elementor-column elementor-col-50 elementor-top-column elementor-element elementor-element-d90af73\" data-id=\"d90af73\" data-element_type=\"column\">\n\t\t\t<div class=\"elementor-widget-wrap elementor-element-populated\">\n\t\t\t\t\t\t<div class=\"elementor-element elementor-element-c83d21c elementor-invisible elementor-widget elementor-widget-sidebar\" data-id=\"c83d21c\" data-element_type=\"widget\" data-settings=\"{&quot;_animation&quot;:&quot;fadeInRight&quot;}\" data-widget_type=\"sidebar.default\">\n\t\t\t\t<div class=\"elementor-widget-container\">\n\t\t\t\t\t<div id=\"text-4\" class=\"widget widget_text\"><h3 class=\"widget-title\">B\u00fcro &#038; Anmeldung<\/h3>\t\t\t<div class=\"textwidget\"><p><strong>Germanica Bildungsinstitut<\/strong><br \/>Felberstra\u00dfe 2\/8<br \/>A-1150 Wien<br \/><a href=\"mailto:office@germanica.at\">office@germanica.at<\/a><br \/><a href=\"mailto:translation@germanica.at\">translation@germanica.at<\/a><\/p>\r\n<p>Tel: +43 1 895 78 41<\/p>\n<div>\n<p><span class=\"mission\"><a title=\"Allgemeine Gesch\u00e4ftsbedingungen\" href=\"https:\/\/www.germanica.at\/gmbh\/agb\/\">AGB<\/a><\/span><\/p>\n<\/div>\n<\/div>\n\t\t<\/div><div id=\"text-3\" class=\"widget widget_text\"><h3 class=\"widget-title\">\u00dcbersetzungsb\u00fcro<\/h3>\t\t\t<div class=\"textwidget\"><p><img fetchpriority=\"high\" decoding=\"async\" fetchpriority=\"high\" class=\"wp-image-1281 size-full aligncenter\" src=\"\/gmbh\/wp-content\/uploads\/2020\/04\/AdobeStock_86214931_uebersetzungen_kl.jpg\" alt=\"\" width=\"800\" height=\"533\" srcset=\"https:\/\/www.germanica.at\/gmbh\/wp-content\/uploads\/2020\/04\/AdobeStock_86214931_uebersetzungen_kl.jpg 800w, https:\/\/www.germanica.at\/gmbh\/wp-content\/uploads\/2020\/04\/AdobeStock_86214931_uebersetzungen_kl-300x200.jpg 300w, https:\/\/www.germanica.at\/gmbh\/wp-content\/uploads\/2020\/04\/AdobeStock_86214931_uebersetzungen_kl-768x512.jpg 768w, https:\/\/www.germanica.at\/gmbh\/wp-content\/uploads\/2020\/04\/AdobeStock_86214931_uebersetzungen_kl-600x400.jpg 600w\" sizes=\"(max-width: 800px) 100vw, 800px\" \/><\/p>\n<p>Wir \u00fcbersetzen und beglaubigen Ihre Dokumente in vielen Sprachen. Wir dolmetschen vor Gericht, bei Rechtsanw\u00e4ltInnen, bei \u00c4rztInnen, bei der Eheschlie\u00dfung, bei der F\u00fchrerscheinpr\u00fcfung, beim Pensionsantrag, usw.<\/p>\n<\/div>\n\t\t<\/div><div id=\"text-5\" class=\"widget widget_text\"><h3 class=\"widget-title\">Kooperationspartner<\/h3>\t\t\t<div class=\"textwidget\"><p><a href=\"https:\/\/www.calamus.at\" target=\"_blank\" rel=\"noopener\"><img loading=\"lazy\" decoding=\"async\" class=\"wp-image-843 size-full aligncenter\" src=\"\/gmbh\/wp-content\/uploads\/2020\/03\/calamus-verlag-1.png\" alt=\"\" width=\"380\" height=\"70\" srcset=\"https:\/\/www.germanica.at\/gmbh\/wp-content\/uploads\/2020\/03\/calamus-verlag-1.png 380w, https:\/\/www.germanica.at\/gmbh\/wp-content\/uploads\/2020\/03\/calamus-verlag-1-300x55.png 300w\" sizes=\"(max-width: 380px) 100vw, 380px\" \/><\/a><\/p>\n<div>\n<p>&nbsp;<\/p>\n<\/div>\n<p><a href=\"https:\/\/www.calamus.at\/uber-die-bucher-3\/\" target=\"_blank\" rel=\"noopener\"><img loading=\"lazy\" decoding=\"async\" class=\"size-full wp-image-845 aligncenter\" src=\"\/gmbh\/wp-content\/uploads\/2020\/04\/buecher_b11.png\" alt=\"\" width=\"249\" height=\"207\" \/><\/a><a href=\"https:\/\/www.calamus.at\/uber-die-bucher-3\/\" target=\"_blank\" rel=\"noopener\"><img loading=\"lazy\" decoding=\"async\" loading=\"lazy\" class=\"wp-image-844 size-full aligncenter\" src=\"\/gmbh\/wp-content\/uploads\/2020\/05\/mgemeinsam_logo-01_neu.png\" alt=\"\" width=\"669\" height=\"116\" \/><\/a><\/p>\n<\/div>\n\t\t<\/div><div id=\"text-6\" class=\"widget widget_text\"><h3 class=\"widget-title\">Schnell zum Ziel<\/h3>\t\t\t<div class=\"textwidget\"><p><a href=\"\/?page_id=349\"><img loading=\"lazy\" decoding=\"async\" loading=\"lazy\" class=\"wp-image-189 size-large\" src=\"\/gmbh\/wp-content\/uploads\/2020\/03\/allgemein_stellenangebote_1920-1024x683.jpg\" alt=\"Stellenangebote\" width=\"1024\" height=\"683\" srcset=\"https:\/\/www.germanica.at\/gmbh\/wp-content\/uploads\/2020\/03\/allgemein_stellenangebote_1920-1024x683.jpg 1024w, https:\/\/www.germanica.at\/gmbh\/wp-content\/uploads\/2020\/03\/allgemein_stellenangebote_1920-300x200.jpg 300w, https:\/\/www.germanica.at\/gmbh\/wp-content\/uploads\/2020\/03\/allgemein_stellenangebote_1920-600x400.jpg 600w, https:\/\/www.germanica.at\/gmbh\/wp-content\/uploads\/2020\/03\/allgemein_stellenangebote_1920-768x512.jpg 768w, https:\/\/www.germanica.at\/gmbh\/wp-content\/uploads\/2020\/03\/allgemein_stellenangebote_1920-1536x1024.jpg 1536w, https:\/\/www.germanica.at\/gmbh\/wp-content\/uploads\/2020\/03\/allgemein_stellenangebote_1920.jpg 1920w\" sizes=\"auto, (max-width: 1024px) 100vw, 1024px\" \/><\/a><\/p>\n<h3><a href=\"https:\/\/www.germanica.at\/gmbh\/stellenangebote\/\">Stellenangebote<\/a><\/h3>\n<\/div>\n\t\t<\/div>\t\t\t\t<\/div>\n\t\t\t\t<\/div>\n\t\t\t\t\t<\/div>\n\t\t<\/div>\n\t\t\t\t\t<\/div>\n\t\t<\/section>\n\t\t\t\t<\/div>\n\t\t","protected":false},"excerpt":{"rendered":"<p>AGB ALLGEMEINE GESCH\u00c4FTSBEDINGUNGEN (AGB) 1. G\u00fcltigkeit der Gesch\u00e4ftsbedingungenDie nachfolgenden Gesch\u00e4ftsbedingungen der Germanica Bildungsinstituts GmbH (im Folgenden kurz \u201eGermanica\u201c) gelten als Grundlage f\u00fcr die Vertragsabschl\u00fcsse s\u00e4mtlicher von Germanica angebotener Dienstleistungen und Produkte, insbesondere f\u00fcr die Buchung von Sprachkursen. 2. Kursanmeldunga) Die Buchung von Kursen ist pers\u00f6nlich vorzunehmen. Die Buchung ist ein verbindlicher Vertragsabschluss und verpflichtet die [&hellip;]<\/p>\n","protected":false},"author":1,"featured_media":0,"parent":0,"menu_order":0,"comment_status":"closed","ping_status":"closed","template":"template-parts\/template-homepage.php","meta":{"footnotes":""},"class_list":["post-271","page","type-page","status-publish","hentry"],"_links":{"self":[{"href":"https:\/\/www.germanica.at\/gmbh\/wp-json\/wp\/v2\/pages\/271","targetHints":{"allow":["GET"]}}],"collection":[{"href":"https:\/\/www.germanica.at\/gmbh\/wp-json\/wp\/v2\/pages"}],"about":[{"href":"https:\/\/www.germanica.at\/gmbh\/wp-json\/wp\/v2\/types\/page"}],"author":[{"embeddable":true,"href":"https:\/\/www.germanica.at\/gmbh\/wp-json\/wp\/v2\/users\/1"}],"replies":[{"embeddable":true,"href":"https:\/\/www.germanica.at\/gmbh\/wp-json\/wp\/v2\/comments?post=271"}],"version-history":[{"count":21,"href":"https:\/\/www.germanica.at\/gmbh\/wp-json\/wp\/v2\/pages\/271\/revisions"}],"predecessor-version":[{"id":1890,"href":"https:\/\/www.germanica.at\/gmbh\/wp-json\/wp\/v2\/pages\/271\/revisions\/1890"}],"wp:attachment":[{"href":"https:\/\/www.germanica.at\/gmbh\/wp-json\/wp\/v2\/media?parent=271"}],"curies":[{"name":"wp","href":"https:\/\/api.w.org\/{rel}","templated":true}]}}