{"id":353,"date":"2020-03-04T18:02:45","date_gmt":"2020-03-04T17:02:45","guid":{"rendered":"http:\/\/neu.germanica.at\/?page_id=353"},"modified":"2024-02-26T11:15:19","modified_gmt":"2024-02-26T10:15:19","slug":"weitere-links","status":"publish","type":"page","link":"https:\/\/www.germanica.at\/gmbh\/tr\/weitere-links\/","title":{"rendered":"Weitere Links"},"content":{"rendered":"<div data-elementor-type=\"wp-post\" data-elementor-id=\"353\" class=\"elementor elementor-353\" data-elementor-post-type=\"page\">\n\t\t\t\t\t\t<section class=\"elementor-section elementor-top-section elementor-element elementor-element-f3b274e elementor-section-full_width elementor-section-height-default elementor-section-height-default\" data-id=\"f3b274e\" data-element_type=\"section\">\n\t\t\t\t\t\t<div class=\"elementor-container elementor-column-gap-no\">\n\t\t\t\t\t<div class=\"elementor-column elementor-col-100 elementor-top-column elementor-element elementor-element-054c1e7\" data-id=\"054c1e7\" data-element_type=\"column\">\n\t\t\t<div class=\"elementor-widget-wrap elementor-element-populated\">\n\t\t\t\t\t\t<div class=\"elementor-element elementor-element-8220157 elementor-widget elementor-widget-shortcode\" data-id=\"8220157\" data-element_type=\"widget\" data-widget_type=\"shortcode.default\">\n\t\t\t\t<div class=\"elementor-widget-container\">\n\t\t\t\t\t\t\t<div class=\"elementor-shortcode\">\t\t<div data-elementor-type=\"wp-post\" data-elementor-id=\"504\" class=\"elementor elementor-504\" data-elementor-post-type=\"elementor-hf\">\n\t\t\t\t\t\t<section class=\"elementor-section elementor-top-section elementor-element elementor-element-312b255 elementor-section-boxed elementor-section-height-default elementor-section-height-default\" data-id=\"312b255\" data-element_type=\"section\" data-settings=\"{&quot;background_background&quot;:&quot;classic&quot;}\">\n\t\t\t\t\t\t<div class=\"elementor-container elementor-column-gap-default\">\n\t\t\t\t\t<div class=\"elementor-column elementor-col-50 elementor-top-column elementor-element elementor-element-daa0d67\" data-id=\"daa0d67\" data-element_type=\"column\">\n\t\t\t<div class=\"elementor-widget-wrap elementor-element-populated\">\n\t\t\t\t\t\t<div class=\"elementor-element elementor-element-74075e2 elementor-widget elementor-widget-heading\" data-id=\"74075e2\" data-element_type=\"widget\" data-widget_type=\"heading.default\">\n\t\t\t\t<div class=\"elementor-widget-container\">\n\t\t\t\t\t<h2 class=\"elementor-heading-title elementor-size-large\"><span style=\"color:#FFF\">W\u00f6chentlicher Kursbeginn<\/span><br>Eigene B\u00fccher <a class=\"header-link\" href=\"https:\/\/www.calamus.at\/uber-die-bucher-3\/\" target=\"_blank\">Gemeinsam<\/a><br><a class=\"header-link\" href=\"\/gmbh\/tr\/shop\/\" target=\"_self\">Online-Kurse<\/a><\/h2>\t\t\t\t<\/div>\n\t\t\t\t<\/div>\n\t\t\t\t\t<\/div>\n\t\t<\/div>\n\t\t\t\t<div class=\"elementor-column elementor-col-50 elementor-top-column elementor-element elementor-element-00e4681\" data-id=\"00e4681\" data-element_type=\"column\">\n\t\t\t<div class=\"elementor-widget-wrap elementor-element-populated\">\n\t\t\t\t\t\t<div class=\"elementor-element elementor-element-971f8e0 elementor-widget elementor-widget-text-editor\" data-id=\"971f8e0\" data-element_type=\"widget\" data-widget_type=\"text-editor.default\">\n\t\t\t\t<div class=\"elementor-widget-container\">\n\t\t\t\t\t\t\t\t\t<h1 style=\"text-align: center;\"><strong>Sprache ist Macht.<\/strong><\/h1>\t\t\t\t\t\t\t\t<\/div>\n\t\t\t\t<\/div>\n\t\t\t\t\t<\/div>\n\t\t<\/div>\n\t\t\t\t\t<\/div>\n\t\t<\/section>\n\t\t\t\t<\/div>\n\t\t<\/div>\n\t\t\t\t\t\t<\/div>\n\t\t\t\t<\/div>\n\t\t\t\t\t<\/div>\n\t\t<\/div>\n\t\t\t\t\t<\/div>\n\t\t<\/section>\n\t\t\t\t<section class=\"elementor-section elementor-top-section elementor-element elementor-element-d7dcc4b elementor-section-boxed elementor-section-height-default elementor-section-height-default\" data-id=\"d7dcc4b\" data-element_type=\"section\" data-settings=\"{&quot;background_background&quot;:&quot;classic&quot;}\">\n\t\t\t\t\t\t<div class=\"elementor-container elementor-column-gap-wider\">\n\t\t\t\t\t<div class=\"elementor-column elementor-col-50 elementor-top-column elementor-element elementor-element-ce3da52\" data-id=\"ce3da52\" data-element_type=\"column\">\n\t\t\t<div class=\"elementor-widget-wrap elementor-element-populated\">\n\t\t\t\t\t\t<div class=\"elementor-element elementor-element-fbb4b8b elementor-widget elementor-widget-heading\" data-id=\"fbb4b8b\" data-element_type=\"widget\" data-widget_type=\"heading.default\">\n\t\t\t\t<div class=\"elementor-widget-container\">\n\t\t\t\t\t<h2 class=\"elementor-heading-title elementor-size-default\">Weitere Links und F\u00f6rderungen<\/h2>\t\t\t\t<\/div>\n\t\t\t\t<\/div>\n\t\t\t\t<div class=\"elementor-element elementor-element-15e0d36 elementor-invisible elementor-widget elementor-widget-text-editor\" data-id=\"15e0d36\" data-element_type=\"widget\" data-settings=\"{&quot;_animation&quot;:&quot;fadeIn&quot;}\" data-widget_type=\"text-editor.default\">\n\t\t\t\t<div class=\"elementor-widget-container\">\n\t\t\t\t\t\t\t\t\t<p><span style=\"font-family: var( --e-global-typography-text-font-family ), Sans-serif; font-weight: var( --e-global-typography-text-font-weight );\">F\u00f6rderungen durch den\u00a0<\/span><span style=\"font-family: var( --e-global-typography-text-font-family ), Sans-serif; font-weight: var( --e-global-typography-text-font-weight );\">waff, den \u00d6IF, die AK, die MA17, die MA35 und das AMS.<\/span><\/p><p><span style=\"font-family: var( --e-global-typography-text-font-family ), Sans-serif; font-weight: var( --e-global-typography-text-font-weight );\">Das Germanica\u00a0Bildungsinstitut bietet Ihnen mehrere F\u00f6rderm\u00f6glichkeiten f\u00fcr Ihren\u00a0Deutschkurs.\u00a0<\/span><\/p><p><span lang=\"DE\">\u00a0<\/span><\/p><h4><span lang=\"DE\">WAFF<\/span><\/h4><p><span style=\"font-family: var( --e-global-typography-text-font-family ), Sans-serif; font-weight: var( --e-global-typography-text-font-weight );\">Der waff, Wiener Arbeitnehmer*innen F\u00f6rderungsfonds,\u00a0<\/span><span style=\"font-family: var( --e-global-typography-text-font-family ), Sans-serif; font-weight: var( --e-global-typography-text-font-weight );\">unterst\u00fctzt Arbeitnehmer*innen, Arbeitssuchende, Personen in Bildungs- und\u00a0<\/span><span style=\"font-family: var( --e-global-typography-text-font-family ), Sans-serif; font-weight: var( --e-global-typography-text-font-weight );\">Elternkarenz und Neue Selbstst\u00e4ndige mit Hauptwohnsitz in Wien finanziell. Der\u00a0<\/span><span style=\"font-family: var( --e-global-typography-text-font-family ), Sans-serif; font-weight: var( --e-global-typography-text-font-weight );\">waff \u00fcbernimmt bis zu maximal 90 % der Kurs- und Pr\u00fcfungskosten (maximal 3000<\/span><span style=\"font-family: var( --e-global-typography-text-font-family ), Sans-serif; font-weight: var( --e-global-typography-text-font-weight );\">\u20ac) f\u00fcr berufliche Aus- und Weiterbildung.<\/span><\/p><p><span style=\"text-decoration: underline;\"><span lang=\"DE\">Das Germanica Bildungsinstitut ist vom waff anerkannt. <\/span><\/span><\/p><p><a><span lang=\"DE\">Wir erstellen Ihnen\u00a0gerne einen Kostenvoranschlag f\u00fcr Ihren Deutschkurs. <\/span><\/a><\/p><p><a><span lang=\"DE\">Detaillierte\u00a0Informationen finden Sie auf <\/span><\/a><a href=\"https:\/\/www.waff.at\/\"><span lang=\"DE\">https:\/\/www.waff.at\/<\/span><\/a><span lang=\"DE\"> oder unter 01 217 48 0. <\/span><\/p><p><span lang=\"DE\">\u00a0<\/span><\/p><p><span lang=\"DE\">Wiener Arbeitnehmer*innen F\u00f6rderungsfonds<\/span><\/p><p><span style=\"font-family: var( --e-global-typography-text-font-family ), Sans-serif; font-weight: var( --e-global-typography-text-font-weight );\">Lassallestra\u00dfe 1<\/span><\/p><p><span lang=\"DE\">1020 Wien<\/span><\/p><p><span lang=\"DE\"><a href=\"mailto:waff@waff.at\">waff@waff.at<\/a><\/span><\/p><h4>\u00a0<\/h4><h4>Stadt Wien \u2013 Bildungspass<br \/><a href=\"http:\/\/www.startwien.at\/\">http:\/\/www.startwien.at\/<\/a><\/h4><h4>\u00a0<\/h4><h4>Initiative Erwachsenenbildung<br \/><a href=\"https:\/\/www.initiative-erwachsenenbildung.at\/\">https:\/\/www.initiative-erwachsenenbildung.at\/<\/a><\/h4><h4>\u00a0<\/h4><h4>Bundeministerium f\u00fcr Unterricht, Kunst und Kultur<br \/><a href=\"http:\/\/www.bmukk.gv.at\/\">http:\/\/www.bmukk.gv.at\/<\/a><\/h4><h4>\u00a0<\/h4><h4>MA13<br \/><a href=\"http:\/\/www.wien.gv.at\/freizeit\/bildungjugend\/\">http:\/\/www.wien.gv.at\/freizeit\/bildungjugend\/<\/a><\/h4><h4>\u00a0<\/h4><h4>MA 17<\/h4><p>Die MA 17 der Stadt Wien hilft bei der Finanzierung von Deutschkursen mit dem Wiener Sprachgutschein in der H\u00f6he von 150 \u20ac. Den Wiener Sprachgutschein k\u00f6nnen Drittstaatsangeh\u00f6rige oder EU-Staatsb\u00fcrgerInnen bekommen.<\/p><p>Hier k\u00f6nnen Sie einen kostenlosen Gespr\u00e4chstermin buchen: <a href=\"https:\/\/mein.wien.gv.at\/formularserver-mw\/user\/formular.aspx?path=(mw%2fstandard)&amp;pid=06a2e3ecbb6b4302b4f134a505de83b8&amp;pn=Bde61c7e12efb40a2b512398f359e89ae&amp;data=%3Coptional%3Enein%3C%2Foptional%3E\">https:\/\/mein.wien.gv.at\/formularserver-mw\/user\/formular.aspx?path=(mw%2fstandard)&amp;pid=06a2e3ecbb6b4302b4f134a505de83b8&amp;pn=Bde61c7e12efb40a2b512398f359e89ae&amp;data=%3Coptional%3Enein%3C%2Foptional%3E<\/a>.<\/p><p>Diesen Gutschein k\u00f6nnen Sie am Germanica Bildungsinstitut einl\u00f6sen.<\/p><p>Detaillierte Informationen finden Sie auf <a href=\"https:\/\/start.wien.gv.at\/deutsch-lernen\">https:\/\/start.wien.gv.at\/deutsch-lernen<\/a> .<\/p><p>Stadt Wien<\/p><p>Rathaus, A-1010 Wien<\/p><p><strong>\u00a0<\/strong><\/p><p><strong>MA35<\/strong><\/p><p>Die MA35 und der \u00d6IF f\u00f6rdern im Rahmen der Integrationsvereinbarung IV (2017) Drittstaatsangeh\u00f6rige, die Deutsch lernen m\u00f6chten. Von der MA35 erhalten Sie einen blauen Bundesgutschein, der f\u00fcr Integrationskurse auf dem Niveau A2 g\u00fcltig ist. Unter bestimmten Voraussetzungen werden 50 % der Kurskosten (maximal 750 \u20ac) \u00fcbernommen.<\/p><p>Diesen Gutschein k\u00f6nnen Sie am Germanica Bildungsinstitut einl\u00f6sen.<\/p><p>Detaillierte Informationen finden Sie auf https:\/\/www.integrationsfonds.at\/sprache\/integrationsvereinbarung\/integrationsvereinbarung-2011\/faq\/ .<\/p><h4><strong>\u00a0<\/strong><\/h4><h4><strong>\u00d6IF<\/strong><\/h4><p><span lang=\"DE\">Der \u00d6IF, \u00d6sterreichischer Integrationsfonds, f\u00f6rdert Deutschkurse f\u00fcr Asyl- und subsidi\u00e4r Schutzberechtigte sowie Vertriebene nach \u00a7 62 Asylgesetz 2005. Der \u00d6IF f\u00f6rdert 100 % der Kurskosten. <\/span><\/p><p><span lang=\"DE\">Das Germanica Bildungsinstitut GmbH ist vom \u00d6IF zertifiziert. <\/span><\/p><p><span lang=\"DE\">Wir erstellen Ihnen gerne einen Kostenvoranschlag f\u00fcr Ihren Deutschkurs. <\/span><\/p><p><span lang=\"DE\">\u00a0<\/span><\/p><p><a><span lang=\"DE\">Detaillierte Informationen finden Sie auf<\/span><\/a><span lang=\"DE\"> <a href=\"https:\/\/www.integrationsfonds.at\/\">https:\/\/www.integrationsfonds.at\/<\/a> oder unter 050 46 80.<\/span><\/p><p><span lang=\"DE\">\u00d6sterreichischer Integrationsfonds<\/span><\/p><p><span lang=\"DE\">Landstra\u00dfer Hauptstra\u00dfe 26<\/span><\/p><p><span lang=\"DE\">1030 Wien<\/span><\/p><p><span lang=\"DE\"><a href=\"mailto:info@integration.at\">info@integration.at<\/a><\/span><\/p><p><a href=\"http:\/\/www.integrationsfonds.at\/\">http:\/\/www.integrationsfonds.at\/<\/a><\/p><h4>\u00a0<\/h4><h4>AK<\/h4><p>Die AK, Arbeiterkammer, stellt allen AK Mitgliedern den Bildungsgutschein in der H\u00f6he von 150 \u20ac aus. Den Gutschein k\u00f6nnen Sie unkompliziert auf <a href=\"https:\/\/wien.arbeiterkammer.at\/bildungsgutschein\">https:\/\/wien.arbeiterkammer.at\/bildungsgutschein<\/a> oder unter 0800 311 311 kostenlos anfordern.<\/p><p>Diesen Gutschein k\u00f6nnen Sie im Germanica Bildungsinstitut einl\u00f6sen.<\/p><p>AK Wien<\/p><p>Prinz Eugen Stra\u00dfe 20-22<\/p><p>1040 Wien<\/p><h4>\u00a0<\/h4><h4>\u00d6SD<br \/><a href=\"http:\/\/www.osd.at\/\">http:\/\/www.osd.at\/<\/a><\/h4><h4>\u00a0<\/h4><h4>AMS<\/h4><p>Das AMS, Arbeitsmarktservice, f\u00f6rdert Deutschkurse f\u00fcr Personen, die aktiv Arbeit suchen. Wenden Sie sich bitte bei Ihrer Gesch\u00e4ftsstelle und fragen Sie nach, ob in Ihrem Fall eine F\u00f6rderung m\u00f6glich w\u00e4re.<\/p><p>Wir erstellen Ihnen gerne einen Kostenvoranschlag f\u00fcr Ihren Deutschkurs.<\/p><p>Detaillierte Informationen finden Sie auf <a href=\"https:\/\/www.ams.at\/arbeitsuchende\/aus-und-weiterbildung\/so-foerdern-wir-ihre-aus--und-weiterbildung-\">https:\/\/www.ams.at\/arbeitsuchende\/aus-und-weiterbildung\/so-foerdern-wir-ihre-aus&#8211;und-weiterbildung-<\/a>\u00a0<\/p><h4><br \/><a href=\"http:\/\/www.ams.at\/sfa.html\">http:\/\/www.ams.at\/sfa.html<\/a><\/h4><h4>\u00a0<\/h4><h4>Verlag Calamus<br \/><a href=\"http:\/\/www.calamus.at\/\">http:\/\/www.calamus.at\/<\/a><\/h4><h4>\u00a0<\/h4><h4>Gemeinsamer Europ\u00e4ischer Referenzrahmen f\u00fcr Sprachen<br \/><a href=\"http:\/\/www.osd.at\/default.aspx?SIid=25&amp;LAid=1\">http:\/\/www.osd.at\/default.aspx?SIid=25&amp;LAid=1<\/a><\/h4><h4>\u00a0<\/h4><h4>Modellpr\u00fcfungen<br \/><a href=\"http:\/\/www.osd.at\/default.aspx?SIid=32&amp;LAid=1\">http:\/\/www.osd.at\/default.aspx?SIid=32&amp;LAid=1<\/a><\/h4><h4>\u00a0<\/h4><h4>Beispieltests des \u00d6IF<br \/><a href=\"https:\/\/sprachportal.integrationsfonds.at\/pruefungen\/beispieltests-als-download\">https:\/\/sprachportal.integrationsfonds.at\/pruefungen\/beispieltests-als-download<\/a><\/h4>\t\t\t\t\t\t\t\t<\/div>\n\t\t\t\t<\/div>\n\t\t\t\t\t<\/div>\n\t\t<\/div>\n\t\t\t\t<div class=\"elementor-column elementor-col-50 elementor-top-column elementor-element elementor-element-d90af73\" data-id=\"d90af73\" data-element_type=\"column\">\n\t\t\t<div class=\"elementor-widget-wrap elementor-element-populated\">\n\t\t\t\t\t\t<div class=\"elementor-element elementor-element-c83d21c elementor-invisible elementor-widget elementor-widget-sidebar\" data-id=\"c83d21c\" data-element_type=\"widget\" data-settings=\"{&quot;_animation&quot;:&quot;fadeInRight&quot;}\" data-widget_type=\"sidebar.default\">\n\t\t\t\t<div class=\"elementor-widget-container\">\n\t\t\t\t\t<div id=\"text-4\" class=\"widget widget_text\"><h3 class=\"widget-title\">B\u00fcro &#038; Anmeldung<\/h3>\t\t\t<div class=\"textwidget\"><p><strong>Germanica Bildungsinstitut<\/strong><br \/>Felberstra\u00dfe 2\/8<br \/>A-1150 Wien<br \/><a href=\"mailto:office@germanica.at\">office@germanica.at<\/a><br \/><a href=\"mailto:translation@germanica.at\">translation@germanica.at<\/a><\/p>\r\n<p>Tel: +43 1 895 78 41<\/p>\n<div>\n<p><span class=\"mission\"><a title=\"Allgemeine Gesch\u00e4ftsbedingungen\" href=\"https:\/\/www.germanica.at\/gmbh\/tr\/agb\/\">AGB<\/a><\/span><\/p>\n<\/div>\n<\/div>\n\t\t<\/div><div id=\"text-3\" class=\"widget widget_text\"><h3 class=\"widget-title\">\u00dcbersetzungsb\u00fcro<\/h3>\t\t\t<div class=\"textwidget\"><p><img fetchpriority=\"high\" decoding=\"async\" class=\"wp-image-1281 size-full aligncenter\" src=\"\/gmbh\/wp-content\/uploads\/2020\/04\/AdobeStock_86214931_uebersetzungen_kl.jpg\" alt=\"\" width=\"800\" height=\"533\" srcset=\"https:\/\/www.germanica.at\/gmbh\/wp-content\/uploads\/2020\/04\/AdobeStock_86214931_uebersetzungen_kl.jpg 800w, https:\/\/www.germanica.at\/gmbh\/wp-content\/uploads\/2020\/04\/AdobeStock_86214931_uebersetzungen_kl-300x200.jpg 300w, https:\/\/www.germanica.at\/gmbh\/wp-content\/uploads\/2020\/04\/AdobeStock_86214931_uebersetzungen_kl-768x512.jpg 768w, https:\/\/www.germanica.at\/gmbh\/wp-content\/uploads\/2020\/04\/AdobeStock_86214931_uebersetzungen_kl-600x400.jpg 600w\" sizes=\"(max-width: 800px) 100vw, 800px\" \/><\/p>\n<p>Wir \u00fcbersetzen und beglaubigen Ihre Dokumente in vielen Sprachen. Wir dolmetschen vor Gericht, bei Rechtsanw\u00e4ltInnen, bei \u00c4rztInnen, bei der Eheschlie\u00dfung, bei der F\u00fchrerscheinpr\u00fcfung, beim Pensionsantrag, usw.<\/p>\n<\/div>\n\t\t<\/div><div id=\"text-5\" class=\"widget widget_text\"><h3 class=\"widget-title\">Kooperationspartner<\/h3>\t\t\t<div class=\"textwidget\"><p><a href=\"https:\/\/www.calamus.at\" target=\"_blank\" rel=\"noopener\"><img loading=\"lazy\" decoding=\"async\" class=\"wp-image-843 size-full aligncenter\" src=\"\/gmbh\/wp-content\/uploads\/2020\/03\/calamus-verlag-1.png\" alt=\"\" width=\"380\" height=\"70\" srcset=\"https:\/\/www.germanica.at\/gmbh\/wp-content\/uploads\/2020\/03\/calamus-verlag-1.png 380w, https:\/\/www.germanica.at\/gmbh\/wp-content\/uploads\/2020\/03\/calamus-verlag-1-300x55.png 300w\" sizes=\"(max-width: 380px) 100vw, 380px\" \/><\/a><\/p>\n<div>\n<p>&nbsp;<\/p>\n<\/div>\n<p><a href=\"https:\/\/www.calamus.at\/uber-die-bucher-3\/\" target=\"_blank\" rel=\"noopener\"><img loading=\"lazy\" decoding=\"async\" class=\"size-full wp-image-845 aligncenter\" src=\"\/gmbh\/wp-content\/uploads\/2020\/04\/buecher_b11.png\" alt=\"\" width=\"249\" height=\"207\" \/><\/a><a href=\"https:\/\/www.calamus.at\/uber-die-bucher-3\/\" target=\"_blank\" rel=\"noopener\"><img loading=\"lazy\" decoding=\"async\" class=\"wp-image-844 size-full aligncenter\" src=\"\/gmbh\/wp-content\/uploads\/2020\/05\/mgemeinsam_logo-01_neu.png\" alt=\"\" width=\"669\" height=\"116\" \/><\/a><\/p>\n<\/div>\n\t\t<\/div><div id=\"text-6\" class=\"widget widget_text\"><h3 class=\"widget-title\">Schnell zum Ziel<\/h3>\t\t\t<div class=\"textwidget\"><p><a href=\"https:\/\/www.germanica.at\/gmbh\/tr\/stellenangebote\/\"><img loading=\"lazy\" decoding=\"async\" class=\"wp-image-189 size-large\" src=\"\/gmbh\/wp-content\/uploads\/2020\/03\/allgemein_stellenangebote_1920-1024x683.jpg\" alt=\"Stellenangebote\" width=\"1024\" height=\"683\" srcset=\"https:\/\/www.germanica.at\/gmbh\/wp-content\/uploads\/2020\/03\/allgemein_stellenangebote_1920-1024x683.jpg 1024w, https:\/\/www.germanica.at\/gmbh\/wp-content\/uploads\/2020\/03\/allgemein_stellenangebote_1920-300x200.jpg 300w, https:\/\/www.germanica.at\/gmbh\/wp-content\/uploads\/2020\/03\/allgemein_stellenangebote_1920-600x400.jpg 600w, https:\/\/www.germanica.at\/gmbh\/wp-content\/uploads\/2020\/03\/allgemein_stellenangebote_1920-768x512.jpg 768w, https:\/\/www.germanica.at\/gmbh\/wp-content\/uploads\/2020\/03\/allgemein_stellenangebote_1920-1536x1024.jpg 1536w, https:\/\/www.germanica.at\/gmbh\/wp-content\/uploads\/2020\/03\/allgemein_stellenangebote_1920.jpg 1920w\" sizes=\"auto, (max-width: 1024px) 100vw, 1024px\" \/><\/a><\/p>\n<h3><a href=\"https:\/\/www.germanica.at\/gmbh\/tr\/stellenangebote\/\">Stellenangebote<\/a><\/h3>\n<\/div>\n\t\t<\/div>\t\t\t\t<\/div>\n\t\t\t\t<\/div>\n\t\t\t\t\t<\/div>\n\t\t<\/div>\n\t\t\t\t\t<\/div>\n\t\t<\/section>\n\t\t\t\t<\/div>","protected":false},"excerpt":{"rendered":"<p>Weitere Links und F\u00f6rderungen F\u00f6rderungen durch den\u00a0waff, den \u00d6IF, die AK, die MA17, die MA35 und das AMS. Das Germanica\u00a0Bildungsinstitut bietet Ihnen mehrere F\u00f6rderm\u00f6glichkeiten f\u00fcr Ihren\u00a0Deutschkurs.\u00a0 \u00a0 WAFF Der waff, Wiener Arbeitnehmer*innen F\u00f6rderungsfonds,\u00a0unterst\u00fctzt Arbeitnehmer*innen, Arbeitssuchende, Personen in Bildungs- und\u00a0Elternkarenz und Neue Selbstst\u00e4ndige mit Hauptwohnsitz in Wien finanziell. Der\u00a0waff \u00fcbernimmt bis zu maximal 90 % der [&hellip;]<\/p>","protected":false},"author":1,"featured_media":0,"parent":0,"menu_order":0,"comment_status":"closed","ping_status":"closed","template":"template-parts\/template-homepage.php","meta":{"footnotes":""},"class_list":["post-353","page","type-page","status-publish","hentry"],"_links":{"self":[{"href":"https:\/\/www.germanica.at\/gmbh\/tr\/wp-json\/wp\/v2\/pages\/353","targetHints":{"allow":["GET"]}}],"collection":[{"href":"https:\/\/www.germanica.at\/gmbh\/tr\/wp-json\/wp\/v2\/pages"}],"about":[{"href":"https:\/\/www.germanica.at\/gmbh\/tr\/wp-json\/wp\/v2\/types\/page"}],"author":[{"embeddable":true,"href":"https:\/\/www.germanica.at\/gmbh\/tr\/wp-json\/wp\/v2\/users\/1"}],"replies":[{"embeddable":true,"href":"https:\/\/www.germanica.at\/gmbh\/tr\/wp-json\/wp\/v2\/comments?post=353"}],"version-history":[{"count":36,"href":"https:\/\/www.germanica.at\/gmbh\/tr\/wp-json\/wp\/v2\/pages\/353\/revisions"}],"predecessor-version":[{"id":2377,"href":"https:\/\/www.germanica.at\/gmbh\/tr\/wp-json\/wp\/v2\/pages\/353\/revisions\/2377"}],"wp:attachment":[{"href":"https:\/\/www.germanica.at\/gmbh\/tr\/wp-json\/wp\/v2\/media?parent=353"}],"curies":[{"name":"wp","href":"https:\/\/api.w.org\/{rel}","templated":true}]}}