{"id":260,"date":"2020-03-04T08:49:13","date_gmt":"2020-03-04T07:49:13","guid":{"rendered":"http:\/\/neu.germanica.at\/?page_id=260"},"modified":"2020-03-25T14:58:13","modified_gmt":"2020-03-25T13:58:13","slug":"impressum","status":"publish","type":"page","link":"https:\/\/www.germanica.at\/gmbh\/en\/impressum\/","title":{"rendered":"Impressum"},"content":{"rendered":"<div data-elementor-type=\"wp-post\" data-elementor-id=\"260\" class=\"elementor elementor-260\" data-elementor-post-type=\"page\">\n\t\t\t\t\t\t<section class=\"elementor-section elementor-top-section elementor-element elementor-element-f3b274e elementor-section-full_width elementor-section-height-default elementor-section-height-default\" data-id=\"f3b274e\" data-element_type=\"section\">\n\t\t\t\t\t\t<div class=\"elementor-container elementor-column-gap-no\">\n\t\t\t\t\t<div class=\"elementor-column elementor-col-100 elementor-top-column elementor-element elementor-element-054c1e7\" data-id=\"054c1e7\" data-element_type=\"column\">\n\t\t\t<div class=\"elementor-widget-wrap elementor-element-populated\">\n\t\t\t\t\t\t<div class=\"elementor-element elementor-element-81a21df elementor-widget elementor-widget-shortcode\" data-id=\"81a21df\" data-element_type=\"widget\" data-widget_type=\"shortcode.default\">\n\t\t\t\t<div class=\"elementor-widget-container\">\n\t\t\t\t\t\t\t<div class=\"elementor-shortcode\">\t\t<div data-elementor-type=\"wp-post\" data-elementor-id=\"504\" class=\"elementor elementor-504\" data-elementor-post-type=\"elementor-hf\">\n\t\t\t\t\t\t<section class=\"elementor-section elementor-top-section elementor-element elementor-element-312b255 elementor-section-boxed elementor-section-height-default elementor-section-height-default\" data-id=\"312b255\" data-element_type=\"section\" data-settings=\"{&quot;background_background&quot;:&quot;classic&quot;}\">\n\t\t\t\t\t\t<div class=\"elementor-container elementor-column-gap-default\">\n\t\t\t\t\t<div class=\"elementor-column elementor-col-50 elementor-top-column elementor-element elementor-element-daa0d67\" data-id=\"daa0d67\" data-element_type=\"column\">\n\t\t\t<div class=\"elementor-widget-wrap elementor-element-populated\">\n\t\t\t\t\t\t<div class=\"elementor-element elementor-element-74075e2 elementor-widget elementor-widget-heading\" data-id=\"74075e2\" data-element_type=\"widget\" data-widget_type=\"heading.default\">\n\t\t\t\t<div class=\"elementor-widget-container\">\n\t\t\t\t\t<h2 class=\"elementor-heading-title elementor-size-large\"><span style=\"color:#FFF\">W\u00f6chentlicher Kursbeginn<\/span><br>Eigene B\u00fccher <a class=\"header-link\" href=\"https:\/\/www.calamus.at\/uber-die-bucher-3\/\" target=\"_blank\">Gemeinsam<\/a><br><a class=\"header-link\" href=\"\/gmbh\/en\/shop\/\" target=\"_self\">Online-Kurse<\/a><\/h2>\t\t\t\t<\/div>\n\t\t\t\t<\/div>\n\t\t\t\t\t<\/div>\n\t\t<\/div>\n\t\t\t\t<div class=\"elementor-column elementor-col-50 elementor-top-column elementor-element elementor-element-00e4681\" data-id=\"00e4681\" data-element_type=\"column\">\n\t\t\t<div class=\"elementor-widget-wrap elementor-element-populated\">\n\t\t\t\t\t\t<div class=\"elementor-element elementor-element-971f8e0 elementor-widget elementor-widget-text-editor\" data-id=\"971f8e0\" data-element_type=\"widget\" data-widget_type=\"text-editor.default\">\n\t\t\t\t<div class=\"elementor-widget-container\">\n\t\t\t\t\t\t\t\t\t<h1 style=\"text-align: center;\"><strong>Sprache ist Macht.<\/strong><\/h1>\t\t\t\t\t\t\t\t<\/div>\n\t\t\t\t<\/div>\n\t\t\t\t\t<\/div>\n\t\t<\/div>\n\t\t\t\t\t<\/div>\n\t\t<\/section>\n\t\t\t\t<\/div>\n\t\t<\/div>\n\t\t\t\t\t\t<\/div>\n\t\t\t\t<\/div>\n\t\t\t\t\t<\/div>\n\t\t<\/div>\n\t\t\t\t\t<\/div>\n\t\t<\/section>\n\t\t\t\t<section class=\"elementor-section elementor-top-section elementor-element elementor-element-d7dcc4b elementor-section-boxed elementor-section-height-default elementor-section-height-default\" data-id=\"d7dcc4b\" data-element_type=\"section\" data-settings=\"{&quot;background_background&quot;:&quot;classic&quot;}\">\n\t\t\t\t\t\t<div class=\"elementor-container elementor-column-gap-wider\">\n\t\t\t\t\t<div class=\"elementor-column elementor-col-50 elementor-top-column elementor-element elementor-element-ce3da52\" data-id=\"ce3da52\" data-element_type=\"column\">\n\t\t\t<div class=\"elementor-widget-wrap elementor-element-populated\">\n\t\t\t\t\t\t<div class=\"elementor-element elementor-element-fbb4b8b elementor-widget elementor-widget-heading\" data-id=\"fbb4b8b\" data-element_type=\"widget\" data-widget_type=\"heading.default\">\n\t\t\t\t<div class=\"elementor-widget-container\">\n\t\t\t\t\t<h2 class=\"elementor-heading-title elementor-size-default\">Impressum<\/h2>\t\t\t\t<\/div>\n\t\t\t\t<\/div>\n\t\t\t\t<div class=\"elementor-element elementor-element-15e0d36 elementor-invisible elementor-widget elementor-widget-text-editor\" data-id=\"15e0d36\" data-element_type=\"widget\" data-settings=\"{&quot;_animation&quot;:&quot;fadeIn&quot;}\" data-widget_type=\"text-editor.default\">\n\t\t\t\t<div class=\"elementor-widget-container\">\n\t\t\t\t\t\t\t\t\t<p>Informationspflicht laut \u00a75 E-Commerce Gesetz, \u00a714 Unternehmensgesetzbuch, \u00a763 Gewerbeordnung und Offenlegungspflicht laut \u00a725 Mediengesetz.<\/p><p>Germanica Bildungsinstitut GmbH<br \/>Felberstra\u00dfe 2\/18,<br \/>1150 Wien,<br \/>\u00d6sterreich<\/p><p><strong>Unternehmensgegenstand:<\/strong>\u00a0Bildungsinstitut, Deutschkurse, Integrationskurse<br \/><strong>UID-Nummer:<\/strong>\u00a0ATU61924403<br \/><strong>Firmenbuchnummer:<\/strong>\u00a0374304y<br \/><strong>Firmenbuchgericht:<\/strong>\u00a0Wien<br \/><strong>Firmensitz:<\/strong>\u00a01150 Wien<\/p><p><strong>Tel.:<\/strong>\u00a0+43 1 895 78 41<br \/><strong>E-Mail:<\/strong>\u00a0<a href=\"mailto:office@germanica.at\">office@germanica.at<\/a><\/p><p><strong>Mitglied bei:<\/strong>\u00a0WKO Wien<br \/><strong>Berufsrecht:<\/strong>\u00a0Gewerbeordnung: www.ris.bka.gv.at<\/p><p><strong>Aufsichtsbeh\u00f6rde\/Gewerbebeh\u00f6rde:<\/strong>\u00a0Magistratisches Bezirksamt des XV. Bezirkes<br \/><strong>Berufsbezeichnung:<\/strong>\u00a0Bildungsinstitut<br \/><strong>Verleihungsstaat:<\/strong>\u00a0\u00d6sterreich<\/p><p><strong>Gesch\u00e4ftsf\u00fchrer<\/strong><br \/>Mirko Vrdoljak<\/p><p>Quelle: Erstellt\u00a0mit dem\u00a0<a href=\"https:\/\/www.firmenwebseiten.at\/impressum-generator\/\" target=\"_blank\" rel=\"noreferrer noopener\">Impressum Generator von firmenwebseiten.at<\/a>\u00a0in Kooperation mit\u00a0<a href=\"https:\/\/www.aboutbusiness.at\/\" target=\"_blank\" rel=\"noreferrer noopener\">aboutbusiness.at<\/a><\/p><h2>EU-Streitschlichtung<\/h2><p>Gem\u00e4\u00df Verordnung \u00fcber Online-Streitbeilegung in Verbraucherangelegenheiten (ODR-Verordnung) m\u00f6chten wir Sie \u00fcber die Online-Streitbeilegungsplattform (OS-Plattform) informieren.<br \/>Verbraucher haben die M\u00f6glichkeit, Beschwerden an die Online Streitbeilegungsplattform der Europ\u00e4ischen Kommission unter\u00a0<a href=\"https:\/\/ec.europa.eu\/consumers\/odr\/main\/index.cfm?event=main.home2.show&amp;lng=DE\" target=\"_blank\" rel=\"noreferrer noopener\">http:\/\/ec.europa.eu\/odr?tid=221116449<\/a>\u00a0zu richten. Die daf\u00fcr notwendigen Kontaktdaten finden Sie oberhalb in unserem Impressum.<\/p><p>Wir m\u00f6chten Sie jedoch darauf hinweisen, dass wir nicht bereit oder verpflichtet sind, an Streitbeilegungsverfahren vor einer Verbraucherschlichtungsstelle teilzunehmen.<\/p><h2>Haftung f\u00fcr Inhalte dieser Webseite<\/h2><p>Wir entwickeln die Inhalte dieser Webseite st\u00e4ndig weiter und bem\u00fchen uns korrekte und aktuelle Informationen bereitzustellen. Leider k\u00f6nnen wir keine Haftung f\u00fcr die Korrektheit aller Inhalte auf dieser Webseite \u00fcbernehmen, speziell f\u00fcr jene die seitens Dritter bereitgestellt wurden.<\/p><p>Sollten Ihnen problematische oder rechtswidrige Inhalte auffallen, bitten wir Sie uns umgehend zu kontaktieren, Sie finden die Kontaktdaten im Impressum.<\/p><h2>Haftung f\u00fcr Links auf dieser Webseite<\/h2><p>Unsere Webseite enth\u00e4lt Links zu anderen Webseiten f\u00fcr deren Inhalt wir nicht verantwortlich sind. Haftung f\u00fcr verlinkte Websites besteht laut\u00a0<a href=\"https:\/\/www.ris.bka.gv.at\/Dokument.wxe?Abfrage=Bundesnormen&amp;Dokumentnummer=NOR40025813&amp;tid=221116449\" target=\"_blank\" rel=\"noreferrer noopener\">\u00a7 17 ECG<\/a>\u00a0f\u00fcr uns nicht, da wir keine Kenntnis rechtswidriger T\u00e4tigkeiten hatten und haben, uns solche Rechtswidrigkeiten auch bisher nicht aufgefallen sind und wir Links sofort entfernen w\u00fcrden, wenn uns Rechtswidrigkeiten bekannt werden.<\/p><p>Wenn Ihnen rechtswidrige Links auf unserer Website auffallen, bitten wir Sie uns zu kontaktieren, Sie finden die Kontaktdaten im Impressum.<\/p><h2>Urheberrechtshinweis<\/h2><p>Alle Inhalte dieser Webseite (Bilder, Fotos, Texte, Videos) unterliegen dem Urheberrecht. Falls notwendig, werden wir die unerlaubte Nutzung von Teilen der Inhalte unserer Seite rechtlich verfolgen.<\/p><h2>Bildernachweis<\/h2><p>Die Bilder, Fotos und Grafiken auf dieser Webseite sind urheberrechtlich gesch\u00fctzt.<\/p><p>Die Bilderrechte liegen bei den folgenden Fotografen und Unternehmen:<\/p><ul><li>Fotograf Mustermann<\/li><\/ul><p>Quelle: Erstellt\u00a0mit dem\u00a0<a href=\"https:\/\/www.firmenwebseiten.at\/datenschutz-generator\/\" target=\"_blank\" rel=\"noreferrer noopener\">Datenschutz Generator von firmenwebseiten.at<\/a>\u00a0in Kooperation mit\u00a0<a href=\"https:\/\/www.urlaubsnews.at\/\" target=\"_blank\" rel=\"noreferrer noopener\">urlaubsnews.at<\/a><\/p>\t\t\t\t\t\t\t\t<\/div>\n\t\t\t\t<\/div>\n\t\t\t\t\t<\/div>\n\t\t<\/div>\n\t\t\t\t<div class=\"elementor-column elementor-col-50 elementor-top-column elementor-element elementor-element-d90af73\" data-id=\"d90af73\" data-element_type=\"column\">\n\t\t\t<div class=\"elementor-widget-wrap elementor-element-populated\">\n\t\t\t\t\t\t<div class=\"elementor-element elementor-element-c83d21c elementor-invisible elementor-widget elementor-widget-sidebar\" data-id=\"c83d21c\" data-element_type=\"widget\" data-settings=\"{&quot;_animation&quot;:&quot;fadeInRight&quot;}\" data-widget_type=\"sidebar.default\">\n\t\t\t\t<div class=\"elementor-widget-container\">\n\t\t\t\t\t<div id=\"text-4\" class=\"widget widget_text\"><h3 class=\"widget-title\">B\u00fcro &#038; Anmeldung<\/h3>\t\t\t<div class=\"textwidget\"><p><strong>Germanica Bildungsinstitut<\/strong><br \/>Felberstra\u00dfe 2\/8<br \/>A-1150 Wien<br \/><a href=\"mailto:office@germanica.at\">office@germanica.at<\/a><br \/><a href=\"mailto:translation@germanica.at\">translation@germanica.at<\/a><\/p>\r\n<p>Tel: +43 1 895 78 41<\/p>\n<div>\n<p><span class=\"mission\"><a title=\"Allgemeine Gesch\u00e4ftsbedingungen\" href=\"https:\/\/www.germanica.at\/gmbh\/en\/agb\/\">AGB<\/a><\/span><\/p>\n<\/div>\n<\/div>\n\t\t<\/div><div id=\"text-3\" class=\"widget widget_text\"><h3 class=\"widget-title\">\u00dcbersetzungsb\u00fcro<\/h3>\t\t\t<div class=\"textwidget\"><p><img fetchpriority=\"high\" decoding=\"async\" class=\"wp-image-1281 size-full aligncenter\" src=\"\/gmbh\/wp-content\/uploads\/2020\/04\/AdobeStock_86214931_uebersetzungen_kl.jpg\" alt=\"\" width=\"800\" height=\"533\" srcset=\"https:\/\/www.germanica.at\/gmbh\/wp-content\/uploads\/2020\/04\/AdobeStock_86214931_uebersetzungen_kl.jpg 800w, https:\/\/www.germanica.at\/gmbh\/wp-content\/uploads\/2020\/04\/AdobeStock_86214931_uebersetzungen_kl-300x200.jpg 300w, https:\/\/www.germanica.at\/gmbh\/wp-content\/uploads\/2020\/04\/AdobeStock_86214931_uebersetzungen_kl-768x512.jpg 768w, https:\/\/www.germanica.at\/gmbh\/wp-content\/uploads\/2020\/04\/AdobeStock_86214931_uebersetzungen_kl-600x400.jpg 600w\" sizes=\"(max-width: 800px) 100vw, 800px\" \/><\/p>\n<p>Wir \u00fcbersetzen und beglaubigen Ihre Dokumente in vielen Sprachen. Wir dolmetschen vor Gericht, bei Rechtsanw\u00e4ltInnen, bei \u00c4rztInnen, bei der Eheschlie\u00dfung, bei der F\u00fchrerscheinpr\u00fcfung, beim Pensionsantrag, usw.<\/p>\n<\/div>\n\t\t<\/div><div id=\"text-5\" class=\"widget widget_text\"><h3 class=\"widget-title\">Kooperationspartner<\/h3>\t\t\t<div class=\"textwidget\"><p><a href=\"https:\/\/www.calamus.at\" target=\"_blank\" rel=\"noopener\"><img loading=\"lazy\" decoding=\"async\" class=\"wp-image-843 size-full aligncenter\" src=\"\/gmbh\/wp-content\/uploads\/2020\/03\/calamus-verlag-1.png\" alt=\"\" width=\"380\" height=\"70\" srcset=\"https:\/\/www.germanica.at\/gmbh\/wp-content\/uploads\/2020\/03\/calamus-verlag-1.png 380w, https:\/\/www.germanica.at\/gmbh\/wp-content\/uploads\/2020\/03\/calamus-verlag-1-300x55.png 300w\" sizes=\"(max-width: 380px) 100vw, 380px\" \/><\/a><\/p>\n<div>\n<p>&nbsp;<\/p>\n<\/div>\n<p><a href=\"https:\/\/www.calamus.at\/uber-die-bucher-3\/\" target=\"_blank\" rel=\"noopener\"><img loading=\"lazy\" decoding=\"async\" class=\"size-full wp-image-845 aligncenter\" src=\"\/gmbh\/wp-content\/uploads\/2020\/04\/buecher_b11.png\" alt=\"\" width=\"249\" height=\"207\" \/><\/a><a href=\"https:\/\/www.calamus.at\/uber-die-bucher-3\/\" target=\"_blank\" rel=\"noopener\"><img loading=\"lazy\" decoding=\"async\" class=\"wp-image-844 size-full aligncenter\" src=\"\/gmbh\/wp-content\/uploads\/2020\/05\/mgemeinsam_logo-01_neu.png\" alt=\"\" width=\"669\" height=\"116\" \/><\/a><\/p>\n<\/div>\n\t\t<\/div><div id=\"text-6\" class=\"widget widget_text\"><h3 class=\"widget-title\">Schnell zum Ziel<\/h3>\t\t\t<div class=\"textwidget\"><p><a href=\"https:\/\/www.germanica.at\/gmbh\/en\/stellenangebote\/\"><img loading=\"lazy\" decoding=\"async\" class=\"wp-image-189 size-large\" src=\"\/gmbh\/wp-content\/uploads\/2020\/03\/allgemein_stellenangebote_1920-1024x683.jpg\" alt=\"Stellenangebote\" width=\"1024\" height=\"683\" srcset=\"https:\/\/www.germanica.at\/gmbh\/wp-content\/uploads\/2020\/03\/allgemein_stellenangebote_1920-1024x683.jpg 1024w, https:\/\/www.germanica.at\/gmbh\/wp-content\/uploads\/2020\/03\/allgemein_stellenangebote_1920-300x200.jpg 300w, https:\/\/www.germanica.at\/gmbh\/wp-content\/uploads\/2020\/03\/allgemein_stellenangebote_1920-600x400.jpg 600w, https:\/\/www.germanica.at\/gmbh\/wp-content\/uploads\/2020\/03\/allgemein_stellenangebote_1920-768x512.jpg 768w, https:\/\/www.germanica.at\/gmbh\/wp-content\/uploads\/2020\/03\/allgemein_stellenangebote_1920-1536x1024.jpg 1536w, https:\/\/www.germanica.at\/gmbh\/wp-content\/uploads\/2020\/03\/allgemein_stellenangebote_1920.jpg 1920w\" sizes=\"auto, (max-width: 1024px) 100vw, 1024px\" \/><\/a><\/p>\n<h3><a href=\"https:\/\/www.germanica.at\/gmbh\/en\/stellenangebote\/\">Stellenangebote<\/a><\/h3>\n<\/div>\n\t\t<\/div>\t\t\t\t<\/div>\n\t\t\t\t<\/div>\n\t\t\t\t\t<\/div>\n\t\t<\/div>\n\t\t\t\t\t<\/div>\n\t\t<\/section>\n\t\t\t\t<\/div>","protected":false},"excerpt":{"rendered":"<p>Impressum Informationspflicht laut \u00a75 E-Commerce Gesetz, \u00a714 Unternehmensgesetzbuch, \u00a763 Gewerbeordnung und Offenlegungspflicht laut \u00a725 Mediengesetz. Germanica Bildungsinstitut GmbHFelberstra\u00dfe 2\/18,1150 Wien,\u00d6sterreich Unternehmensgegenstand:\u00a0Bildungsinstitut, Deutschkurse, IntegrationskurseUID-Nummer:\u00a0ATU61924403Firmenbuchnummer:\u00a0374304yFirmenbuchgericht:\u00a0WienFirmensitz:\u00a01150 Wien Tel.:\u00a0+43 1 895 78 41E-Mail:\u00a0office@germanica.at Mitglied bei:\u00a0WKO WienBerufsrecht:\u00a0Gewerbeordnung: www.ris.bka.gv.at Aufsichtsbeh\u00f6rde\/Gewerbebeh\u00f6rde:\u00a0Magistratisches Bezirksamt des XV. BezirkesBerufsbezeichnung:\u00a0BildungsinstitutVerleihungsstaat:\u00a0\u00d6sterreich Gesch\u00e4ftsf\u00fchrerMirko Vrdoljak Quelle: Erstellt\u00a0mit dem\u00a0Impressum Generator von firmenwebseiten.at\u00a0in Kooperation mit\u00a0aboutbusiness.at EU-Streitschlichtung Gem\u00e4\u00df Verordnung \u00fcber Online-Streitbeilegung in Verbraucherangelegenheiten [&hellip;]<\/p>","protected":false},"author":1,"featured_media":0,"parent":0,"menu_order":0,"comment_status":"closed","ping_status":"closed","template":"template-parts\/template-homepage.php","meta":{"footnotes":""},"class_list":["post-260","page","type-page","status-publish","hentry"],"_links":{"self":[{"href":"https:\/\/www.germanica.at\/gmbh\/en\/wp-json\/wp\/v2\/pages\/260","targetHints":{"allow":["GET"]}}],"collection":[{"href":"https:\/\/www.germanica.at\/gmbh\/en\/wp-json\/wp\/v2\/pages"}],"about":[{"href":"https:\/\/www.germanica.at\/gmbh\/en\/wp-json\/wp\/v2\/types\/page"}],"author":[{"embeddable":true,"href":"https:\/\/www.germanica.at\/gmbh\/en\/wp-json\/wp\/v2\/users\/1"}],"replies":[{"embeddable":true,"href":"https:\/\/www.germanica.at\/gmbh\/en\/wp-json\/wp\/v2\/comments?post=260"}],"version-history":[{"count":3,"href":"https:\/\/www.germanica.at\/gmbh\/en\/wp-json\/wp\/v2\/pages\/260\/revisions"}],"predecessor-version":[{"id":571,"href":"https:\/\/www.germanica.at\/gmbh\/en\/wp-json\/wp\/v2\/pages\/260\/revisions\/571"}],"wp:attachment":[{"href":"https:\/\/www.germanica.at\/gmbh\/en\/wp-json\/wp\/v2\/media?parent=260"}],"curies":[{"name":"wp","href":"https:\/\/api.w.org\/{rel}","templated":true}]}}