{"id":248,"date":"2020-03-04T08:26:35","date_gmt":"2020-03-04T07:26:35","guid":{"rendered":"http:\/\/neu.germanica.at\/?page_id=248"},"modified":"2025-04-28T15:24:52","modified_gmt":"2025-04-28T13:24:52","slug":"ueber-uns","status":"publish","type":"page","link":"https:\/\/www.germanica.at\/gmbh\/bs\/ueber-uns\/","title":{"rendered":"\u00dcber uns"},"content":{"rendered":"<div data-elementor-type=\"wp-post\" data-elementor-id=\"248\" class=\"elementor elementor-248\" data-elementor-post-type=\"page\">\n\t\t\t\t\t\t<section class=\"elementor-section elementor-top-section elementor-element elementor-element-f3b274e elementor-section-full_width elementor-section-height-default elementor-section-height-default\" data-id=\"f3b274e\" data-element_type=\"section\">\n\t\t\t\t\t\t<div class=\"elementor-container elementor-column-gap-no\">\n\t\t\t\t\t<div class=\"elementor-column elementor-col-100 elementor-top-column elementor-element elementor-element-054c1e7\" data-id=\"054c1e7\" data-element_type=\"column\">\n\t\t\t<div class=\"elementor-widget-wrap elementor-element-populated\">\n\t\t\t\t\t\t<div class=\"elementor-element elementor-element-dda38d7 elementor-widget elementor-widget-shortcode\" data-id=\"dda38d7\" data-element_type=\"widget\" data-widget_type=\"shortcode.default\">\n\t\t\t\t<div class=\"elementor-widget-container\">\n\t\t\t\t\t\t\t<div class=\"elementor-shortcode\">\t\t<div data-elementor-type=\"wp-post\" data-elementor-id=\"504\" class=\"elementor elementor-504\" data-elementor-post-type=\"elementor-hf\">\n\t\t\t\t\t\t<section class=\"elementor-section elementor-top-section elementor-element elementor-element-312b255 elementor-section-boxed elementor-section-height-default elementor-section-height-default\" data-id=\"312b255\" data-element_type=\"section\" data-settings=\"{&quot;background_background&quot;:&quot;classic&quot;}\">\n\t\t\t\t\t\t<div class=\"elementor-container elementor-column-gap-default\">\n\t\t\t\t\t<div class=\"elementor-column elementor-col-50 elementor-top-column elementor-element elementor-element-daa0d67\" data-id=\"daa0d67\" data-element_type=\"column\">\n\t\t\t<div class=\"elementor-widget-wrap elementor-element-populated\">\n\t\t\t\t\t\t<div class=\"elementor-element elementor-element-74075e2 elementor-widget elementor-widget-heading\" data-id=\"74075e2\" data-element_type=\"widget\" data-widget_type=\"heading.default\">\n\t\t\t\t<div class=\"elementor-widget-container\">\n\t\t\t\t\t<h2 class=\"elementor-heading-title elementor-size-large\"><span style=\"color:#FFF\">W\u00f6chentlicher Kursbeginn<\/span><br>Eigene B\u00fccher <a class=\"header-link\" href=\"https:\/\/www.calamus.at\/uber-die-bucher-3\/\" target=\"_blank\">Gemeinsam<\/a><br><a class=\"header-link\" href=\"\/gmbh\/bs\/shop\/\" target=\"_self\">Online-Kurse<\/a><\/h2>\t\t\t\t<\/div>\n\t\t\t\t<\/div>\n\t\t\t\t\t<\/div>\n\t\t<\/div>\n\t\t\t\t<div class=\"elementor-column elementor-col-50 elementor-top-column elementor-element elementor-element-00e4681\" data-id=\"00e4681\" data-element_type=\"column\">\n\t\t\t<div class=\"elementor-widget-wrap elementor-element-populated\">\n\t\t\t\t\t\t<div class=\"elementor-element elementor-element-971f8e0 elementor-widget elementor-widget-text-editor\" data-id=\"971f8e0\" data-element_type=\"widget\" data-widget_type=\"text-editor.default\">\n\t\t\t\t<div class=\"elementor-widget-container\">\n\t\t\t\t\t\t\t\t\t<h1 style=\"text-align: center;\"><strong>Sprache ist Macht.<\/strong><\/h1>\t\t\t\t\t\t\t\t<\/div>\n\t\t\t\t<\/div>\n\t\t\t\t\t<\/div>\n\t\t<\/div>\n\t\t\t\t\t<\/div>\n\t\t<\/section>\n\t\t\t\t<\/div>\n\t\t<\/div>\n\t\t\t\t\t\t<\/div>\n\t\t\t\t<\/div>\n\t\t\t\t\t<\/div>\n\t\t<\/div>\n\t\t\t\t\t<\/div>\n\t\t<\/section>\n\t\t\t\t<section class=\"elementor-section elementor-top-section elementor-element elementor-element-d7dcc4b elementor-section-boxed elementor-section-height-default elementor-section-height-default\" data-id=\"d7dcc4b\" data-element_type=\"section\" data-settings=\"{&quot;background_background&quot;:&quot;classic&quot;}\">\n\t\t\t\t\t\t<div class=\"elementor-container elementor-column-gap-wider\">\n\t\t\t\t\t<div class=\"elementor-column elementor-col-50 elementor-top-column elementor-element elementor-element-ce3da52\" data-id=\"ce3da52\" data-element_type=\"column\">\n\t\t\t<div class=\"elementor-widget-wrap elementor-element-populated\">\n\t\t\t\t\t\t<div class=\"elementor-element elementor-element-fbb4b8b elementor-widget elementor-widget-heading\" data-id=\"fbb4b8b\" data-element_type=\"widget\" data-widget_type=\"heading.default\">\n\t\t\t\t<div class=\"elementor-widget-container\">\n\t\t\t\t\t<h2 class=\"elementor-heading-title elementor-size-default\">\u00dcber uns<\/h2>\t\t\t\t<\/div>\n\t\t\t\t<\/div>\n\t\t\t\t<div class=\"elementor-element elementor-element-15e0d36 elementor-invisible elementor-widget elementor-widget-text-editor\" data-id=\"15e0d36\" data-element_type=\"widget\" data-settings=\"{&quot;_animation&quot;:&quot;fadeIn&quot;}\" data-widget_type=\"text-editor.default\">\n\t\t\t\t<div class=\"elementor-widget-container\">\n\t\t\t\t\t\t\t\t\t<p>Das Germanica Bildungsinstitut hat im Jahre 1997 als\u00a0<strong>\u00dcbersetzungsb\u00fcro<\/strong>\u00a0begonnen und sowohl seinen Gesch\u00e4ftsumfang als auch sein Angebot \u00fcber die Jahre kontinuierlich erweitert.<\/p><p>Hinzu kamen wenig sp\u00e4ter\u00a0<strong>Computerkurse<\/strong>\u00a0und im Jahre 2006 wurde Germanica durch den \u00d6sterreichischen Integrationsfonds (<strong><a title=\"\u00d6IF\" href=\"http:\/\/www.integrationsfonds.at\/\" target=\"_blank\" rel=\"noopener\">\u00d6IF<\/a><\/strong>) als Kurstr\u00e4ger und Pr\u00fcfungszentrum f\u00fcr Deutsch-Integrationskurse zertifiziert.<\/p><p>Im Jahre 2010 erlangte Germanica die Zertifizierung durch das \u00d6sterreichische Sprachdiplom (<strong><a title=\"\u00d6SD\" href=\"http:\/\/www.osd.at\/\" target=\"_blank\" rel=\"noopener\">\u00d6SD<\/a><\/strong>) und f\u00fchrt seitdem auch\u00a0<strong>\u00d6SD-Kurse<\/strong>\u00a0und -Pr\u00fcfungen auf den Niveaus\u00a0<strong>A1-C1<\/strong>\u00a0durch.<\/p><p>Unsere Teilnehmerinnen und Teilnehmer werden mittels unterschiedlicher Methoden (<strong>Gruppen- und Einzelunterricht<\/strong>, zus\u00e4tzliche kostenlose Stunden) so unterrichtet, dass ein 100%-iger Erfolg gew\u00e4hrleistet ist.\u00a0<\/p><p>Unser breites Angebot umfasst verschiedene Deutschkurse \u2013 von\u00a0<strong>Integrationskursen\u00a0<\/strong>\u00fcber\u00a0<strong>Intensivkurse<\/strong>\u00a0und\u00a0<strong>Staatsb\u00fcrgerschaftskurse<\/strong>\u00a0bis zu\u00a0<strong>berufsspezifischen<\/strong>\u00a0Deutschkursen im Gruppen- oder Einzelunterricht.<\/p><p>Wir haben 2017 12 B\u00fccher f\u00fcr das Erlernen der deutschen Sprache \u2013GEMEINSAM \u2013 f\u00fcr Erwachsene herausgegeben:<\/p><p><strong>Niveau A1 \u2013 6 B\u00fccher:<\/strong><br \/>A1\/1 \u2013 Lehrbuch, Trainingsbuch und \u00dcbungsbuch (mit ca. 250 Videos)<br \/>A1\/2 \u2013 Lehrbuch, Trainingsbuch und \u00dcbungsbuch (mit ca. 250 Videos)<\/p><p><strong>Niveau A2 \u2013 6 B\u00fccher:<\/strong><br \/>A2\/1 \u2013 Lehrbuch, Trainingsbuch und \u00dcbungsbuch (mit ca. 250 Videos)<br \/>A2\/2 \u2013 Lehrbuch, Trainingsbuch und \u00dcbungsbuch (mit ca. 250 Videos)<\/p><p>In K\u00fcrze erscheint das<\/p><p><strong>Niveau B1 \u2013 6 B\u00fccher:<\/strong><br \/>B1\/1 \u2013 Lehrbuch, Trainingsbuch und \u00dcbungsbuch (mit ca. 150 Videos)<br \/>B1\/2 \u2013 Lehrbuch, Trainingsbuch und \u00dcbungsbuch (mit ca. 150 Videos)<\/p><p><strong>B\u00fccher f\u00fcr die Sch\u00fclerinnen \/ Sch\u00fcler in der Pflichtschule<\/strong><br \/>Modul 0 \u2013 Lehrbuch, Trainingsbuch und \u00dcbungsbuch (mit ca. 250 Videos)<\/p><p>Modul 1 \u2013 Lehrbuch, Trainingsbuch und \u00dcbungsbuch (mit ca. 250 Videos)<\/p><p>Modul 2 \u2013 Lehrbuch, Trainingsbuch und \u00dcbungsbuch (mit ca. 250 Videos)<\/p><p>Modul 3 \u2013 Lehrbuch und \u00dcbungsbuch (mit ca. 250 Videos)<\/p><p>Modul 4 \u2013 Lehrbuch und \u00dcbungsbuch (mit ca. 250 Videos)<\/p><p>Was uns besonders attraktiv macht, ist die\u00a0<strong>famili\u00e4re<\/strong>\u00a0<strong>Atmosph\u00e4re<\/strong>. Die Kursteilnehmerinnen und -teilnehmer sind bei uns K\u00f6niginnen und K\u00f6nige. Daher sind wir bestrebt, ihnen einen hochwertigen und lernfreundlichen Unterricht zu erm\u00f6glichen.<\/p><p><em><strong>Alle Menschen<\/strong>, unabh\u00e4ngig von Rasse, Hautfarbe, Geschlecht, Sprache, Religion, politischer oder sonstiger Anschauung, nationaler oder sozialer Herkunft, Verm\u00f6gen, Geburt oder sonstigem Stand (vgl. Allgemeine Erkl\u00e4rung der Menschenrechte), sind bei\u00a0<strong>Germanica<\/strong>\u00a0herzlich willkommen. Da wir ein multikulturelles Bildungsinstitut sind, in dem auch die Trainerinnen und Trainer sowie alle anderen Mitarbeiterinnen und Mitarbeiter aus verschiedenen L\u00e4ndern kommen, sind uns Werte wie Mehrsprachigkeit und Gleichberechtigung besonders wichtig.<\/em><\/p>\t\t\t\t\t\t\t\t<\/div>\n\t\t\t\t<\/div>\n\t\t\t\t\t<\/div>\n\t\t<\/div>\n\t\t\t\t<div class=\"elementor-column elementor-col-50 elementor-top-column elementor-element elementor-element-d90af73\" data-id=\"d90af73\" data-element_type=\"column\">\n\t\t\t<div class=\"elementor-widget-wrap elementor-element-populated\">\n\t\t\t\t\t\t<div class=\"elementor-element elementor-element-c83d21c elementor-invisible elementor-widget elementor-widget-sidebar\" data-id=\"c83d21c\" data-element_type=\"widget\" data-settings=\"{&quot;_animation&quot;:&quot;fadeInRight&quot;}\" data-widget_type=\"sidebar.default\">\n\t\t\t\t<div class=\"elementor-widget-container\">\n\t\t\t\t\t<div id=\"text-4\" class=\"widget widget_text\"><h3 class=\"widget-title\">B\u00fcro &#038; Anmeldung<\/h3>\t\t\t<div class=\"textwidget\"><p><strong>Germanica Bildungsinstitut<\/strong><br \/>Felberstra\u00dfe 2\/8<br \/>A-1150 Wien<br \/><a href=\"mailto:office@germanica.at\">office@germanica.at<\/a><br \/><a href=\"mailto:translation@germanica.at\">translation@germanica.at<\/a><\/p>\r\n<p>Tel: +43 1 895 78 41<\/p>\n<div>\n<p><span class=\"mission\"><a title=\"Allgemeine Gesch\u00e4ftsbedingungen\" href=\"https:\/\/www.germanica.at\/gmbh\/bs\/agb\/\">AGB<\/a><\/span><\/p>\n<\/div>\n<\/div>\n\t\t<\/div><div id=\"text-3\" class=\"widget widget_text\"><h3 class=\"widget-title\">\u00dcbersetzungsb\u00fcro<\/h3>\t\t\t<div class=\"textwidget\"><p><img fetchpriority=\"high\" decoding=\"async\" class=\"wp-image-1281 size-full aligncenter\" src=\"\/gmbh\/wp-content\/uploads\/2020\/04\/AdobeStock_86214931_uebersetzungen_kl.jpg\" alt=\"\" width=\"800\" height=\"533\" srcset=\"https:\/\/www.germanica.at\/gmbh\/wp-content\/uploads\/2020\/04\/AdobeStock_86214931_uebersetzungen_kl.jpg 800w, https:\/\/www.germanica.at\/gmbh\/wp-content\/uploads\/2020\/04\/AdobeStock_86214931_uebersetzungen_kl-300x200.jpg 300w, https:\/\/www.germanica.at\/gmbh\/wp-content\/uploads\/2020\/04\/AdobeStock_86214931_uebersetzungen_kl-768x512.jpg 768w, https:\/\/www.germanica.at\/gmbh\/wp-content\/uploads\/2020\/04\/AdobeStock_86214931_uebersetzungen_kl-600x400.jpg 600w\" sizes=\"(max-width: 800px) 100vw, 800px\" \/><\/p>\n<p>Wir \u00fcbersetzen und beglaubigen Ihre Dokumente in vielen Sprachen. Wir dolmetschen vor Gericht, bei Rechtsanw\u00e4ltInnen, bei \u00c4rztInnen, bei der Eheschlie\u00dfung, bei der F\u00fchrerscheinpr\u00fcfung, beim Pensionsantrag, usw.<\/p>\n<\/div>\n\t\t<\/div><div id=\"text-5\" class=\"widget widget_text\"><h3 class=\"widget-title\">Kooperationspartner<\/h3>\t\t\t<div class=\"textwidget\"><p><a href=\"https:\/\/www.calamus.at\" target=\"_blank\" rel=\"noopener\"><img loading=\"lazy\" decoding=\"async\" class=\"wp-image-843 size-full aligncenter\" src=\"\/gmbh\/wp-content\/uploads\/2020\/03\/calamus-verlag-1.png\" alt=\"\" width=\"380\" height=\"70\" srcset=\"https:\/\/www.germanica.at\/gmbh\/wp-content\/uploads\/2020\/03\/calamus-verlag-1.png 380w, https:\/\/www.germanica.at\/gmbh\/wp-content\/uploads\/2020\/03\/calamus-verlag-1-300x55.png 300w\" sizes=\"(max-width: 380px) 100vw, 380px\" \/><\/a><\/p>\n<div>\n<p>&nbsp;<\/p>\n<\/div>\n<p><a href=\"https:\/\/www.calamus.at\/uber-die-bucher-3\/\" target=\"_blank\" rel=\"noopener\"><img loading=\"lazy\" decoding=\"async\" class=\"size-full wp-image-845 aligncenter\" src=\"\/gmbh\/wp-content\/uploads\/2020\/04\/buecher_b11.png\" alt=\"\" width=\"249\" height=\"207\" \/><\/a><a href=\"https:\/\/www.calamus.at\/uber-die-bucher-3\/\" target=\"_blank\" rel=\"noopener\"><img loading=\"lazy\" decoding=\"async\" class=\"wp-image-844 size-full aligncenter\" src=\"\/gmbh\/wp-content\/uploads\/2020\/05\/mgemeinsam_logo-01_neu.png\" alt=\"\" width=\"669\" height=\"116\" \/><\/a><\/p>\n<\/div>\n\t\t<\/div><div id=\"text-6\" class=\"widget widget_text\"><h3 class=\"widget-title\">Schnell zum Ziel<\/h3>\t\t\t<div class=\"textwidget\"><p><a href=\"https:\/\/www.germanica.at\/gmbh\/bs\/stellenangebote\/\"><img loading=\"lazy\" decoding=\"async\" class=\"wp-image-189 size-large\" src=\"\/gmbh\/wp-content\/uploads\/2020\/03\/allgemein_stellenangebote_1920-1024x683.jpg\" alt=\"Stellenangebote\" width=\"1024\" height=\"683\" srcset=\"https:\/\/www.germanica.at\/gmbh\/wp-content\/uploads\/2020\/03\/allgemein_stellenangebote_1920-1024x683.jpg 1024w, https:\/\/www.germanica.at\/gmbh\/wp-content\/uploads\/2020\/03\/allgemein_stellenangebote_1920-300x200.jpg 300w, https:\/\/www.germanica.at\/gmbh\/wp-content\/uploads\/2020\/03\/allgemein_stellenangebote_1920-600x400.jpg 600w, https:\/\/www.germanica.at\/gmbh\/wp-content\/uploads\/2020\/03\/allgemein_stellenangebote_1920-768x512.jpg 768w, https:\/\/www.germanica.at\/gmbh\/wp-content\/uploads\/2020\/03\/allgemein_stellenangebote_1920-1536x1024.jpg 1536w, https:\/\/www.germanica.at\/gmbh\/wp-content\/uploads\/2020\/03\/allgemein_stellenangebote_1920.jpg 1920w\" sizes=\"auto, (max-width: 1024px) 100vw, 1024px\" \/><\/a><\/p>\n<h3><a href=\"https:\/\/www.germanica.at\/gmbh\/bs\/stellenangebote\/\">Stellenangebote<\/a><\/h3>\n<\/div>\n\t\t<\/div>\t\t\t\t<\/div>\n\t\t\t\t<\/div>\n\t\t\t\t\t<\/div>\n\t\t<\/div>\n\t\t\t\t\t<\/div>\n\t\t<\/section>\n\t\t\t\t<\/div>","protected":false},"excerpt":{"rendered":"<p>\u00dcber uns Das Germanica Bildungsinstitut hat im Jahre 1997 als\u00a0\u00dcbersetzungsb\u00fcro\u00a0begonnen und sowohl seinen Gesch\u00e4ftsumfang als auch sein Angebot \u00fcber die Jahre kontinuierlich erweitert. Hinzu kamen wenig sp\u00e4ter\u00a0Computerkurse\u00a0und im Jahre 2006 wurde Germanica durch den \u00d6sterreichischen Integrationsfonds (\u00d6IF) als Kurstr\u00e4ger und Pr\u00fcfungszentrum f\u00fcr Deutsch-Integrationskurse zertifiziert. Im Jahre 2010 erlangte Germanica die Zertifizierung durch das \u00d6sterreichische Sprachdiplom [&hellip;]<\/p>","protected":false},"author":1,"featured_media":0,"parent":0,"menu_order":0,"comment_status":"closed","ping_status":"closed","template":"template-parts\/template-homepage.php","meta":{"footnotes":""},"class_list":["post-248","page","type-page","status-publish","hentry"],"_links":{"self":[{"href":"https:\/\/www.germanica.at\/gmbh\/bs\/wp-json\/wp\/v2\/pages\/248","targetHints":{"allow":["GET"]}}],"collection":[{"href":"https:\/\/www.germanica.at\/gmbh\/bs\/wp-json\/wp\/v2\/pages"}],"about":[{"href":"https:\/\/www.germanica.at\/gmbh\/bs\/wp-json\/wp\/v2\/types\/page"}],"author":[{"embeddable":true,"href":"https:\/\/www.germanica.at\/gmbh\/bs\/wp-json\/wp\/v2\/users\/1"}],"replies":[{"embeddable":true,"href":"https:\/\/www.germanica.at\/gmbh\/bs\/wp-json\/wp\/v2\/comments?post=248"}],"version-history":[{"count":9,"href":"https:\/\/www.germanica.at\/gmbh\/bs\/wp-json\/wp\/v2\/pages\/248\/revisions"}],"predecessor-version":[{"id":2637,"href":"https:\/\/www.germanica.at\/gmbh\/bs\/wp-json\/wp\/v2\/pages\/248\/revisions\/2637"}],"wp:attachment":[{"href":"https:\/\/www.germanica.at\/gmbh\/bs\/wp-json\/wp\/v2\/media?parent=248"}],"curies":[{"name":"wp","href":"https:\/\/api.w.org\/{rel}","templated":true}]}}