{"id":212,"date":"2020-03-04T01:58:29","date_gmt":"2020-03-04T00:58:29","guid":{"rendered":"http:\/\/neu.germanica.at\/?page_id=212"},"modified":"2025-11-14T12:46:58","modified_gmt":"2025-11-14T11:46:58","slug":"startseite","status":"publish","type":"page","link":"https:\/\/www.germanica.at\/gmbh\/bs\/","title":{"rendered":"Startseite"},"content":{"rendered":"<div data-elementor-type=\"wp-post\" data-elementor-id=\"212\" class=\"elementor elementor-212\" data-elementor-post-type=\"page\">\n\t\t\t\t\t\t<section class=\"elementor-section elementor-top-section elementor-element elementor-element-a98332a elementor-section-full_width elementor-section-height-default elementor-section-height-default\" data-id=\"a98332a\" data-element_type=\"section\" data-settings=\"{&quot;background_background&quot;:&quot;classic&quot;}\">\n\t\t\t\t\t\t<div class=\"elementor-container elementor-column-gap-no\">\n\t\t\t\t\t<div class=\"elementor-column elementor-col-100 elementor-top-column elementor-element elementor-element-a8d97ab\" data-id=\"a8d97ab\" data-element_type=\"column\">\n\t\t\t<div class=\"elementor-widget-wrap elementor-element-populated\">\n\t\t\t\t\t\t<div class=\"elementor-element elementor-element-8df2cd1 elementor-widget elementor-widget-shortcode\" data-id=\"8df2cd1\" data-element_type=\"widget\" data-widget_type=\"shortcode.default\">\n\t\t\t\t<div class=\"elementor-widget-container\">\n\t\t\t\t\t\t\t<div class=\"elementor-shortcode\">\t\t<div data-elementor-type=\"wp-post\" data-elementor-id=\"504\" class=\"elementor elementor-504\" data-elementor-post-type=\"elementor-hf\">\n\t\t\t\t\t\t<section class=\"elementor-section elementor-top-section elementor-element elementor-element-312b255 elementor-section-boxed elementor-section-height-default elementor-section-height-default\" data-id=\"312b255\" data-element_type=\"section\" data-settings=\"{&quot;background_background&quot;:&quot;classic&quot;}\">\n\t\t\t\t\t\t<div class=\"elementor-container elementor-column-gap-default\">\n\t\t\t\t\t<div class=\"elementor-column elementor-col-50 elementor-top-column elementor-element elementor-element-daa0d67\" data-id=\"daa0d67\" data-element_type=\"column\">\n\t\t\t<div class=\"elementor-widget-wrap elementor-element-populated\">\n\t\t\t\t\t\t<div class=\"elementor-element elementor-element-74075e2 elementor-widget elementor-widget-heading\" data-id=\"74075e2\" data-element_type=\"widget\" data-widget_type=\"heading.default\">\n\t\t\t\t<div class=\"elementor-widget-container\">\n\t\t\t\t\t<h2 class=\"elementor-heading-title elementor-size-large\"><span style=\"color:#FFF\">W\u00f6chentlicher Kursbeginn<\/span><br>Eigene B\u00fccher <a class=\"header-link\" href=\"https:\/\/www.calamus.at\/uber-die-bucher-3\/\" target=\"_blank\">Gemeinsam<\/a><br><a class=\"header-link\" href=\"\/gmbh\/bs\/shop\/\" target=\"_self\">Online-Kurse<\/a><\/h2>\t\t\t\t<\/div>\n\t\t\t\t<\/div>\n\t\t\t\t\t<\/div>\n\t\t<\/div>\n\t\t\t\t<div class=\"elementor-column elementor-col-50 elementor-top-column elementor-element elementor-element-00e4681\" data-id=\"00e4681\" data-element_type=\"column\">\n\t\t\t<div class=\"elementor-widget-wrap elementor-element-populated\">\n\t\t\t\t\t\t<div class=\"elementor-element elementor-element-971f8e0 elementor-widget elementor-widget-text-editor\" data-id=\"971f8e0\" data-element_type=\"widget\" data-widget_type=\"text-editor.default\">\n\t\t\t\t<div class=\"elementor-widget-container\">\n\t\t\t\t\t\t\t\t\t<h1 style=\"text-align: center;\"><strong>Sprache ist Macht.<\/strong><\/h1>\t\t\t\t\t\t\t\t<\/div>\n\t\t\t\t<\/div>\n\t\t\t\t\t<\/div>\n\t\t<\/div>\n\t\t\t\t\t<\/div>\n\t\t<\/section>\n\t\t\t\t<\/div>\n\t\t<\/div>\n\t\t\t\t\t\t<\/div>\n\t\t\t\t<\/div>\n\t\t\t\t\t<\/div>\n\t\t<\/div>\n\t\t\t\t\t<\/div>\n\t\t<\/section>\n\t\t\t\t<section class=\"elementor-section elementor-top-section elementor-element elementor-element-d7dcc4b elementor-section-boxed elementor-section-height-default elementor-section-height-default\" data-id=\"d7dcc4b\" data-element_type=\"section\" data-settings=\"{&quot;background_background&quot;:&quot;classic&quot;}\">\n\t\t\t\t\t\t<div class=\"elementor-container elementor-column-gap-wider\">\n\t\t\t\t\t<div class=\"elementor-column elementor-col-50 elementor-top-column elementor-element elementor-element-ce3da52\" data-id=\"ce3da52\" data-element_type=\"column\">\n\t\t\t<div class=\"elementor-widget-wrap elementor-element-populated\">\n\t\t\t\t\t\t<div class=\"elementor-element elementor-element-fbb4b8b elementor-widget elementor-widget-heading\" data-id=\"fbb4b8b\" data-element_type=\"widget\" data-widget_type=\"heading.default\">\n\t\t\t\t<div class=\"elementor-widget-container\">\n\t\t\t\t\t<h2 class=\"elementor-heading-title elementor-size-default\">Herzlich willkommen bei GERMANICA!<\/h2>\t\t\t\t<\/div>\n\t\t\t\t<\/div>\n\t\t\t\t<div class=\"elementor-element elementor-element-9c4278d elementor-widget elementor-widget-image\" data-id=\"9c4278d\" data-element_type=\"widget\" data-widget_type=\"image.default\">\n\t\t\t\t<div class=\"elementor-widget-container\">\n\t\t\t\t\t\t\t\t\t\t\t\t\t\t\t<img loading=\"lazy\" decoding=\"async\" width=\"488\" height=\"370\" src=\"https:\/\/www.germanica.at\/gmbh\/wp-content\/uploads\/2025\/05\/Zur-Anmeldung.jpg\" class=\"attachment-full size-full wp-image-2671\" alt=\"\" srcset=\"https:\/\/www.germanica.at\/gmbh\/wp-content\/uploads\/2025\/05\/Zur-Anmeldung.jpg 488w, https:\/\/www.germanica.at\/gmbh\/wp-content\/uploads\/2025\/05\/Zur-Anmeldung-300x227.jpg 300w, https:\/\/www.germanica.at\/gmbh\/wp-content\/uploads\/2025\/05\/Zur-Anmeldung-16x12.jpg 16w\" sizes=\"(max-width: 488px) 100vw, 488px\" \/>\t\t\t\t\t\t\t\t\t\t\t\t\t\t\t<\/div>\n\t\t\t\t<\/div>\n\t\t\t\t<div class=\"elementor-element elementor-element-4cbe1a9 elementor-invisible elementor-widget elementor-widget-text-editor\" data-id=\"4cbe1a9\" data-element_type=\"widget\" data-settings=\"{&quot;_animation&quot;:&quot;fadeIn&quot;}\" data-widget_type=\"text-editor.default\">\n\t\t\t\t<div class=\"elementor-widget-container\">\n\t\t\t\t\t\t\t\t\t<p>Sie m\u00f6chten Deutsch lernen oder bereits vorhandene Sprachkenntnisse verbessern?<\/p><p>Sie brauchen eine fachgerechte, qualitativ hochwertige und schnelle <a href=\"https:\/\/www.germanica.at\/gmbh\/bs\/uebersetzen-und-dolmetschen\/\"><strong>\u00dcbersetzung<\/strong><\/a>?<\/p><h3><strong>Dann sind Sie bei uns genau richtig!<\/strong><\/h3><ul><li>Wir bieten Ihnen verschiedene Kurse an und richten uns nach Ihren Bed\u00fcrfnissen.<\/li><li>Sie werden von hochqualifizierten und erfahrenen Kursleiterinnen und \u2013leitern unterrichtet.<\/li><li>Wir arbeiten laufend an unseren Unterrichtsmethoden.<\/li><li>Durch jahrelange Erfahrung ist unser Angebot auf h\u00f6chstem Niveau.<\/li><li>Bei uns steht die Qualit\u00e4t an oberster Stelle!<\/li><\/ul><p>Wenn Sie sich genauer informieren m\u00f6chten, beraten wir Sie gerne pers\u00f6nlich in unserem <a href=\"https:\/\/www.germanica.at\/gmbh\/bs\/unser-buero\/\"><strong>B\u00fcro<\/strong><\/a>.<\/p><p>Rufen sie uns an oder senden Sie uns eine E-Mail.\u00a0<\/p><p><span style=\"font-family: var( --e-global-typography-text-font-family ), Sans-serif; font-weight: var( --e-global-typography-text-font-weight );\">Wir stehen Ihnen gerne zur Verf\u00fcgung und freuen uns auf Ihren Besuch..<\/span><\/p>\t\t\t\t\t\t\t\t<\/div>\n\t\t\t\t<\/div>\n\t\t\t\t<div class=\"elementor-element elementor-element-ab08952 elementor-widget elementor-widget-heading\" data-id=\"ab08952\" data-element_type=\"widget\" data-widget_type=\"heading.default\">\n\t\t\t\t<div class=\"elementor-widget-container\">\n\t\t\t\t\t<h2 class=\"elementor-heading-title elementor-size-default\">Unser B\u00fcro:<\/h2>\t\t\t\t<\/div>\n\t\t\t\t<\/div>\n\t\t\t\t<div class=\"elementor-element elementor-element-e8c47fe elementor-widget elementor-widget-shortcode\" data-id=\"e8c47fe\" data-element_type=\"widget\" data-widget_type=\"shortcode.default\">\n\t\t\t\t<div class=\"elementor-widget-container\">\n\t\t\t\t\t\t\t<div class=\"elementor-shortcode\"><p><strong>Germanica Bildungsinstitut<\/strong><br \/>Felberstra\u00dfe 2\/8<br \/>A-1150 Wien<br \/><a href=\"mailto:office@germanica.at\">office@germanica.at<\/a><br \/><a href=\"mailto:translation@germanica.at\">translation@germanica.at<\/a><\/p>\r\n<p>Tel: +43 1 895 78 41<\/p>\n<\/div>\n\t\t\t\t\t\t<\/div>\n\t\t\t\t<\/div>\n\t\t\t\t<div class=\"elementor-element elementor-element-15e0d36 elementor-invisible elementor-widget elementor-widget-text-editor\" data-id=\"15e0d36\" data-element_type=\"widget\" data-settings=\"{&quot;_animation&quot;:&quot;fadeIn&quot;}\" data-widget_type=\"text-editor.default\">\n\t\t\t\t<div class=\"elementor-widget-container\">\n\t\t\t\t\t\t\t\t\t<h4><strong>\u00d6ffnungszeiten:<\/strong><\/h4><p>Montag-Freitag: <strong>08:30 &#8211; 19:00 Uhr<\/strong><br \/>Samstag:\u00a0 \u00a0 \u00a0 \u00a0 \u00a0 \u00a0 <strong>08:30 &#8211; 12:00 Uhr<\/strong><\/p><p><strong>Leichte Erreichbarkeit (N\u00e4he Westbahnhof): U3, U6, Linie 9, 18, Schnellbahn&#8230;<\/strong><\/p>\t\t\t\t\t\t\t\t<\/div>\n\t\t\t\t<\/div>\n\t\t\t\t<div class=\"elementor-element elementor-element-e02fc88 elementor-invisible elementor-widget elementor-widget-google_maps\" data-id=\"e02fc88\" data-element_type=\"widget\" data-settings=\"{&quot;_animation&quot;:&quot;fadeIn&quot;}\" data-widget_type=\"google_maps.default\">\n\t\t\t\t<div class=\"elementor-widget-container\">\n\t\t\t\t\t\t\t<div class=\"elementor-custom-embed\">\n\t\t\t<iframe loading=\"lazy\"\n\t\t\t\t\tsrc=\"https:\/\/maps.google.com\/maps?q=Felberstra%C3%9Fe%202%2C%201150%20Wien&#038;t=m&#038;z=14&#038;output=embed&#038;iwloc=near\"\n\t\t\t\t\ttitle=\"Felberstra\u00dfe 2, 1150 Wien\"\n\t\t\t\t\taria-label=\"Felberstra\u00dfe 2, 1150 Wien\"\n\t\t\t><\/iframe>\n\t\t<\/div>\n\t\t\t\t\t\t<\/div>\n\t\t\t\t<\/div>\n\t\t\t\t\t<\/div>\n\t\t<\/div>\n\t\t\t\t<div class=\"elementor-column elementor-col-50 elementor-top-column elementor-element elementor-element-d90af73\" data-id=\"d90af73\" data-element_type=\"column\">\n\t\t\t<div class=\"elementor-widget-wrap elementor-element-populated\">\n\t\t\t\t\t\t<div class=\"elementor-element elementor-element-fa695eb elementor-widget elementor-widget-image\" data-id=\"fa695eb\" data-element_type=\"widget\" data-widget_type=\"image.default\">\n\t\t\t\t<div class=\"elementor-widget-container\">\n\t\t\t\t\t\t\t\t\t\t\t\t\t\t\t<img loading=\"lazy\" decoding=\"async\" width=\"525\" height=\"717\" src=\"https:\/\/www.germanica.at\/gmbh\/wp-content\/uploads\/2025\/09\/Flyer-9.jpg\" class=\"attachment-large size-large wp-image-2756\" alt=\"\" srcset=\"https:\/\/www.germanica.at\/gmbh\/wp-content\/uploads\/2025\/09\/Flyer-9.jpg 525w, https:\/\/www.germanica.at\/gmbh\/wp-content\/uploads\/2025\/09\/Flyer-9-220x300.jpg 220w, https:\/\/www.germanica.at\/gmbh\/wp-content\/uploads\/2025\/09\/Flyer-9-9x12.jpg 9w, https:\/\/www.germanica.at\/gmbh\/wp-content\/uploads\/2025\/09\/Flyer-9-300x410.jpg 300w\" sizes=\"(max-width: 525px) 100vw, 525px\" \/>\t\t\t\t\t\t\t\t\t\t\t\t\t\t\t<\/div>\n\t\t\t\t<\/div>\n\t\t\t\t<div class=\"elementor-element elementor-element-c83d21c elementor-invisible elementor-widget elementor-widget-sidebar\" data-id=\"c83d21c\" data-element_type=\"widget\" data-settings=\"{&quot;_animation&quot;:&quot;fadeInRight&quot;}\" data-widget_type=\"sidebar.default\">\n\t\t\t\t<div class=\"elementor-widget-container\">\n\t\t\t\t\t<div id=\"text-4\" class=\"widget widget_text\"><h3 class=\"widget-title\">B\u00fcro &#038; Anmeldung<\/h3>\t\t\t<div class=\"textwidget\"><p><strong>Germanica Bildungsinstitut<\/strong><br \/>Felberstra\u00dfe 2\/8<br \/>A-1150 Wien<br \/><a href=\"mailto:office@germanica.at\">office@germanica.at<\/a><br \/><a href=\"mailto:translation@germanica.at\">translation@germanica.at<\/a><\/p>\r\n<p>Tel: +43 1 895 78 41<\/p>\n<div>\n<p><span class=\"mission\"><a title=\"Allgemeine Gesch\u00e4ftsbedingungen\" href=\"https:\/\/www.germanica.at\/gmbh\/bs\/agb\/\">AGB<\/a><\/span><\/p>\n<\/div>\n<\/div>\n\t\t<\/div><div id=\"text-3\" class=\"widget widget_text\"><h3 class=\"widget-title\">\u00dcbersetzungsb\u00fcro<\/h3>\t\t\t<div class=\"textwidget\"><p><img fetchpriority=\"high\" decoding=\"async\" class=\"wp-image-1281 size-full aligncenter\" src=\"\/gmbh\/wp-content\/uploads\/2020\/04\/AdobeStock_86214931_uebersetzungen_kl.jpg\" alt=\"\" width=\"800\" height=\"533\" srcset=\"https:\/\/www.germanica.at\/gmbh\/wp-content\/uploads\/2020\/04\/AdobeStock_86214931_uebersetzungen_kl.jpg 800w, https:\/\/www.germanica.at\/gmbh\/wp-content\/uploads\/2020\/04\/AdobeStock_86214931_uebersetzungen_kl-300x200.jpg 300w, https:\/\/www.germanica.at\/gmbh\/wp-content\/uploads\/2020\/04\/AdobeStock_86214931_uebersetzungen_kl-768x512.jpg 768w, https:\/\/www.germanica.at\/gmbh\/wp-content\/uploads\/2020\/04\/AdobeStock_86214931_uebersetzungen_kl-600x400.jpg 600w\" sizes=\"(max-width: 800px) 100vw, 800px\" \/><\/p>\n<p>Wir \u00fcbersetzen und beglaubigen Ihre Dokumente in vielen Sprachen. Wir dolmetschen vor Gericht, bei Rechtsanw\u00e4ltInnen, bei \u00c4rztInnen, bei der Eheschlie\u00dfung, bei der F\u00fchrerscheinpr\u00fcfung, beim Pensionsantrag, usw.<\/p>\n<\/div>\n\t\t<\/div><div id=\"text-5\" class=\"widget widget_text\"><h3 class=\"widget-title\">Kooperationspartner<\/h3>\t\t\t<div class=\"textwidget\"><p><a href=\"https:\/\/www.calamus.at\" target=\"_blank\" rel=\"noopener\"><img loading=\"lazy\" decoding=\"async\" class=\"wp-image-843 size-full aligncenter\" src=\"\/gmbh\/wp-content\/uploads\/2020\/03\/calamus-verlag-1.png\" alt=\"\" width=\"380\" height=\"70\" srcset=\"https:\/\/www.germanica.at\/gmbh\/wp-content\/uploads\/2020\/03\/calamus-verlag-1.png 380w, https:\/\/www.germanica.at\/gmbh\/wp-content\/uploads\/2020\/03\/calamus-verlag-1-300x55.png 300w\" sizes=\"(max-width: 380px) 100vw, 380px\" \/><\/a><\/p>\n<div>\n<p>&nbsp;<\/p>\n<\/div>\n<p><a href=\"https:\/\/www.calamus.at\/uber-die-bucher-3\/\" target=\"_blank\" rel=\"noopener\"><img loading=\"lazy\" decoding=\"async\" class=\"size-full wp-image-845 aligncenter\" src=\"\/gmbh\/wp-content\/uploads\/2020\/04\/buecher_b11.png\" alt=\"\" width=\"249\" height=\"207\" \/><\/a><a href=\"https:\/\/www.calamus.at\/uber-die-bucher-3\/\" target=\"_blank\" rel=\"noopener\"><img loading=\"lazy\" decoding=\"async\" class=\"wp-image-844 size-full aligncenter\" src=\"\/gmbh\/wp-content\/uploads\/2020\/05\/mgemeinsam_logo-01_neu.png\" alt=\"\" width=\"669\" height=\"116\" \/><\/a><\/p>\n<\/div>\n\t\t<\/div><div id=\"text-6\" class=\"widget widget_text\"><h3 class=\"widget-title\">Schnell zum Ziel<\/h3>\t\t\t<div class=\"textwidget\"><p><a href=\"https:\/\/www.germanica.at\/gmbh\/bs\/stellenangebote\/\"><img loading=\"lazy\" decoding=\"async\" class=\"wp-image-189 size-large\" src=\"\/gmbh\/wp-content\/uploads\/2020\/03\/allgemein_stellenangebote_1920-1024x683.jpg\" alt=\"Stellenangebote\" width=\"1024\" height=\"683\" srcset=\"https:\/\/www.germanica.at\/gmbh\/wp-content\/uploads\/2020\/03\/allgemein_stellenangebote_1920-1024x683.jpg 1024w, https:\/\/www.germanica.at\/gmbh\/wp-content\/uploads\/2020\/03\/allgemein_stellenangebote_1920-300x200.jpg 300w, https:\/\/www.germanica.at\/gmbh\/wp-content\/uploads\/2020\/03\/allgemein_stellenangebote_1920-600x400.jpg 600w, https:\/\/www.germanica.at\/gmbh\/wp-content\/uploads\/2020\/03\/allgemein_stellenangebote_1920-768x512.jpg 768w, https:\/\/www.germanica.at\/gmbh\/wp-content\/uploads\/2020\/03\/allgemein_stellenangebote_1920-1536x1024.jpg 1536w, https:\/\/www.germanica.at\/gmbh\/wp-content\/uploads\/2020\/03\/allgemein_stellenangebote_1920.jpg 1920w\" sizes=\"auto, (max-width: 1024px) 100vw, 1024px\" \/><\/a><\/p>\n<h3><a href=\"https:\/\/www.germanica.at\/gmbh\/bs\/stellenangebote\/\">Stellenangebote<\/a><\/h3>\n<\/div>\n\t\t<\/div>\t\t\t\t<\/div>\n\t\t\t\t<\/div>\n\t\t\t\t\t<\/div>\n\t\t<\/div>\n\t\t\t\t\t<\/div>\n\t\t<\/section>\n\t\t\t\t<section class=\"elementor-section elementor-top-section elementor-element elementor-element-1b83f2c elementor-section-boxed elementor-section-height-default elementor-section-height-default\" data-id=\"1b83f2c\" data-element_type=\"section\">\n\t\t\t\t\t\t<div class=\"elementor-container elementor-column-gap-default\">\n\t\t\t\t\t<div class=\"elementor-column elementor-col-50 elementor-top-column elementor-element elementor-element-e692da4\" data-id=\"e692da4\" data-element_type=\"column\">\n\t\t\t<div class=\"elementor-widget-wrap\">\n\t\t\t\t\t\t\t<\/div>\n\t\t<\/div>\n\t\t\t\t<div class=\"elementor-column elementor-col-50 elementor-top-column elementor-element elementor-element-a11b329\" data-id=\"a11b329\" data-element_type=\"column\">\n\t\t\t<div class=\"elementor-widget-wrap\">\n\t\t\t\t\t\t\t<\/div>\n\t\t<\/div>\n\t\t\t\t\t<\/div>\n\t\t<\/section>\n\t\t\t\t<section class=\"elementor-section elementor-top-section elementor-element elementor-element-595613a elementor-section-boxed elementor-section-height-default elementor-section-height-default\" data-id=\"595613a\" data-element_type=\"section\">\n\t\t\t\t\t\t<div class=\"elementor-container elementor-column-gap-default\">\n\t\t\t\t\t<div class=\"elementor-column elementor-col-100 elementor-top-column elementor-element elementor-element-e561172\" data-id=\"e561172\" data-element_type=\"column\">\n\t\t\t<div class=\"elementor-widget-wrap elementor-element-populated\">\n\t\t\t\t\t\t<div class=\"elementor-element elementor-element-00b65df elementor-widget__width-initial elementor-widget elementor-widget-image\" data-id=\"00b65df\" data-element_type=\"widget\" data-widget_type=\"image.default\">\n\t\t\t\t<div class=\"elementor-widget-container\">\n\t\t\t\t\t\t\t\t\t\t\t\t\t\t\t<img loading=\"lazy\" decoding=\"async\" width=\"212\" height=\"300\" src=\"https:\/\/www.germanica.at\/gmbh\/wp-content\/uploads\/2025\/02\/Flyer5-212x300.jpg\" class=\"attachment-medium size-medium wp-image-2413\" alt=\"\" srcset=\"https:\/\/www.germanica.at\/gmbh\/wp-content\/uploads\/2025\/02\/Flyer5-212x300.jpg 212w, https:\/\/www.germanica.at\/gmbh\/wp-content\/uploads\/2025\/02\/Flyer5-724x1024.jpg 724w, https:\/\/www.germanica.at\/gmbh\/wp-content\/uploads\/2025\/02\/Flyer5-768x1086.jpg 768w, https:\/\/www.germanica.at\/gmbh\/wp-content\/uploads\/2025\/02\/Flyer5-1086x1536.jpg 1086w, https:\/\/www.germanica.at\/gmbh\/wp-content\/uploads\/2025\/02\/Flyer5-8x12.jpg 8w, https:\/\/www.germanica.at\/gmbh\/wp-content\/uploads\/2025\/02\/Flyer5-300x424.jpg 300w, https:\/\/www.germanica.at\/gmbh\/wp-content\/uploads\/2025\/02\/Flyer5-600x849.jpg 600w, https:\/\/www.germanica.at\/gmbh\/wp-content\/uploads\/2025\/02\/Flyer5.jpg 1240w\" sizes=\"(max-width: 212px) 100vw, 212px\" \/>\t\t\t\t\t\t\t\t\t\t\t\t\t\t\t<\/div>\n\t\t\t\t<\/div>\n\t\t\t\t<div class=\"elementor-element elementor-element-ff50602 elementor-widget__width-initial elementor-widget elementor-widget-image\" data-id=\"ff50602\" data-element_type=\"widget\" data-widget_type=\"image.default\">\n\t\t\t\t<div class=\"elementor-widget-container\">\n\t\t\t\t\t\t\t\t\t\t\t\t\t\t\t<img loading=\"lazy\" decoding=\"async\" width=\"212\" height=\"300\" src=\"https:\/\/www.germanica.at\/gmbh\/wp-content\/uploads\/2025\/02\/Maerzangebot-100-E_-212x300.jpg\" class=\"attachment-medium size-medium wp-image-2419\" alt=\"\" srcset=\"https:\/\/www.germanica.at\/gmbh\/wp-content\/uploads\/2025\/02\/Maerzangebot-100-E_-212x300.jpg 212w, https:\/\/www.germanica.at\/gmbh\/wp-content\/uploads\/2025\/02\/Maerzangebot-100-E_-724x1024.jpg 724w, https:\/\/www.germanica.at\/gmbh\/wp-content\/uploads\/2025\/02\/Maerzangebot-100-E_-768x1086.jpg 768w, https:\/\/www.germanica.at\/gmbh\/wp-content\/uploads\/2025\/02\/Maerzangebot-100-E_-1086x1536.jpg 1086w, https:\/\/www.germanica.at\/gmbh\/wp-content\/uploads\/2025\/02\/Maerzangebot-100-E_-8x12.jpg 8w, https:\/\/www.germanica.at\/gmbh\/wp-content\/uploads\/2025\/02\/Maerzangebot-100-E_-300x424.jpg 300w, https:\/\/www.germanica.at\/gmbh\/wp-content\/uploads\/2025\/02\/Maerzangebot-100-E_-600x849.jpg 600w, https:\/\/www.germanica.at\/gmbh\/wp-content\/uploads\/2025\/02\/Maerzangebot-100-E_.jpg 1240w\" sizes=\"(max-width: 212px) 100vw, 212px\" \/>\t\t\t\t\t\t\t\t\t\t\t\t\t\t\t<\/div>\n\t\t\t\t<\/div>\n\t\t\t\t<div class=\"elementor-element elementor-element-e54896d elementor-widget__width-initial elementor-widget elementor-widget-image\" data-id=\"e54896d\" data-element_type=\"widget\" data-widget_type=\"image.default\">\n\t\t\t\t<div class=\"elementor-widget-container\">\n\t\t\t\t\t\t\t\t\t\t\t\t\t\t\t<img loading=\"lazy\" decoding=\"async\" width=\"212\" height=\"300\" src=\"https:\/\/www.germanica.at\/gmbh\/wp-content\/uploads\/2025\/02\/Flyer2-212x300.jpg\" class=\"attachment-medium size-medium wp-image-2416\" alt=\"\" srcset=\"https:\/\/www.germanica.at\/gmbh\/wp-content\/uploads\/2025\/02\/Flyer2-212x300.jpg 212w, https:\/\/www.germanica.at\/gmbh\/wp-content\/uploads\/2025\/02\/Flyer2-724x1024.jpg 724w, https:\/\/www.germanica.at\/gmbh\/wp-content\/uploads\/2025\/02\/Flyer2-768x1086.jpg 768w, https:\/\/www.germanica.at\/gmbh\/wp-content\/uploads\/2025\/02\/Flyer2-1086x1536.jpg 1086w, https:\/\/www.germanica.at\/gmbh\/wp-content\/uploads\/2025\/02\/Flyer2-8x12.jpg 8w, https:\/\/www.germanica.at\/gmbh\/wp-content\/uploads\/2025\/02\/Flyer2-300x424.jpg 300w, https:\/\/www.germanica.at\/gmbh\/wp-content\/uploads\/2025\/02\/Flyer2-600x849.jpg 600w, https:\/\/www.germanica.at\/gmbh\/wp-content\/uploads\/2025\/02\/Flyer2.jpg 1240w\" sizes=\"(max-width: 212px) 100vw, 212px\" \/>\t\t\t\t\t\t\t\t\t\t\t\t\t\t\t<\/div>\n\t\t\t\t<\/div>\n\t\t\t\t<div class=\"elementor-element elementor-element-ddfe92d elementor-widget__width-initial elementor-widget elementor-widget-image\" data-id=\"ddfe92d\" data-element_type=\"widget\" data-widget_type=\"image.default\">\n\t\t\t\t<div class=\"elementor-widget-container\">\n\t\t\t\t\t\t\t\t\t\t\t\t\t\t\t<img loading=\"lazy\" decoding=\"async\" width=\"200\" height=\"300\" src=\"https:\/\/www.germanica.at\/gmbh\/wp-content\/uploads\/2025\/11\/Flyer10-200x300.jpg\" class=\"attachment-medium size-medium wp-image-2809\" alt=\"\" srcset=\"https:\/\/www.germanica.at\/gmbh\/wp-content\/uploads\/2025\/11\/Flyer10-200x300.jpg 200w, https:\/\/www.germanica.at\/gmbh\/wp-content\/uploads\/2025\/11\/Flyer10-683x1024.jpg 683w, https:\/\/www.germanica.at\/gmbh\/wp-content\/uploads\/2025\/11\/Flyer10-768x1152.jpg 768w, https:\/\/www.germanica.at\/gmbh\/wp-content\/uploads\/2025\/11\/Flyer10-8x12.jpg 8w, https:\/\/www.germanica.at\/gmbh\/wp-content\/uploads\/2025\/11\/Flyer10-300x450.jpg 300w, https:\/\/www.germanica.at\/gmbh\/wp-content\/uploads\/2025\/11\/Flyer10-600x900.jpg 600w, https:\/\/www.germanica.at\/gmbh\/wp-content\/uploads\/2025\/11\/Flyer10.jpg 1024w\" sizes=\"(max-width: 200px) 100vw, 200px\" \/>\t\t\t\t\t\t\t\t\t\t\t\t\t\t\t<\/div>\n\t\t\t\t<\/div>\n\t\t\t\t\t<\/div>\n\t\t<\/div>\n\t\t\t\t\t<\/div>\n\t\t<\/section>\n\t\t\t\t<\/div>","protected":false},"excerpt":{"rendered":"<p>Herzlich willkommen bei GERMANICA! Sie m\u00f6chten Deutsch lernen oder bereits vorhandene Sprachkenntnisse verbessern? Sie brauchen eine fachgerechte, qualitativ hochwertige und schnelle \u00dcbersetzung? Dann sind Sie bei uns genau richtig! Wir bieten Ihnen verschiedene Kurse an und richten uns nach Ihren Bed\u00fcrfnissen. Sie werden von hochqualifizierten und erfahrenen Kursleiterinnen und \u2013leitern unterrichtet. Wir arbeiten laufend an [&hellip;]<\/p>","protected":false},"author":1,"featured_media":366,"parent":0,"menu_order":0,"comment_status":"closed","ping_status":"closed","template":"template-parts\/template-homepage.php","meta":{"footnotes":""},"class_list":["post-212","page","type-page","status-publish","has-post-thumbnail","hentry"],"_links":{"self":[{"href":"https:\/\/www.germanica.at\/gmbh\/bs\/wp-json\/wp\/v2\/pages\/212","targetHints":{"allow":["GET"]}}],"collection":[{"href":"https:\/\/www.germanica.at\/gmbh\/bs\/wp-json\/wp\/v2\/pages"}],"about":[{"href":"https:\/\/www.germanica.at\/gmbh\/bs\/wp-json\/wp\/v2\/types\/page"}],"author":[{"embeddable":true,"href":"https:\/\/www.germanica.at\/gmbh\/bs\/wp-json\/wp\/v2\/users\/1"}],"replies":[{"embeddable":true,"href":"https:\/\/www.germanica.at\/gmbh\/bs\/wp-json\/wp\/v2\/comments?post=212"}],"version-history":[{"count":50,"href":"https:\/\/www.germanica.at\/gmbh\/bs\/wp-json\/wp\/v2\/pages\/212\/revisions"}],"predecessor-version":[{"id":2812,"href":"https:\/\/www.germanica.at\/gmbh\/bs\/wp-json\/wp\/v2\/pages\/212\/revisions\/2812"}],"wp:featuredmedia":[{"embeddable":true,"href":"https:\/\/www.germanica.at\/gmbh\/bs\/wp-json\/wp\/v2\/media\/366"}],"wp:attachment":[{"href":"https:\/\/www.germanica.at\/gmbh\/bs\/wp-json\/wp\/v2\/media?parent=212"}],"curies":[{"name":"wp","href":"https:\/\/api.w.org\/{rel}","templated":true}]}}