{"id":252,"date":"2020-03-04T08:38:23","date_gmt":"2020-03-04T07:38:23","guid":{"rendered":"http:\/\/neu.germanica.at\/?page_id=252"},"modified":"2023-12-05T11:15:56","modified_gmt":"2023-12-05T10:15:56","slug":"unser-leitbild","status":"publish","type":"page","link":"https:\/\/www.germanica.at\/ggmbh\/en\/unser-leitbild\/","title":{"rendered":"Unser Leitbild"},"content":{"rendered":"<div data-elementor-type=\"wp-post\" data-elementor-id=\"252\" class=\"elementor elementor-252\" data-elementor-post-type=\"page\">\n\t\t\t\t\t\t\t\t\t<section class=\"elementor-section elementor-top-section elementor-element elementor-element-002f265 elementor-section-full_width elementor-section-height-default elementor-section-height-default\" data-id=\"002f265\" data-element_type=\"section\">\n\t\t\t\t\t\t<div class=\"elementor-container elementor-column-gap-no\">\n\t\t\t\t\t<div class=\"elementor-column elementor-col-100 elementor-top-column elementor-element elementor-element-0ddd943\" data-id=\"0ddd943\" data-element_type=\"column\">\n\t\t\t<div class=\"elementor-widget-wrap elementor-element-populated\">\n\t\t\t\t\t\t\t\t<div class=\"elementor-element elementor-element-1c00bb5 elementor-widget elementor-widget-shortcode\" data-id=\"1c00bb5\" data-element_type=\"widget\" data-widget_type=\"shortcode.default\">\n\t\t\t\t<div class=\"elementor-widget-container\">\n\t\t\t\t\t<div class=\"elementor-shortcode\">\t\t<div data-elementor-type=\"wp-post\" data-elementor-id=\"504\" class=\"elementor elementor-504\" data-elementor-post-type=\"elementor-hf\">\n\t\t\t\t\t\t\t\t\t<section class=\"elementor-section elementor-top-section elementor-element elementor-element-312b255 elementor-section-boxed elementor-section-height-default elementor-section-height-default\" data-id=\"312b255\" data-element_type=\"section\" data-settings=\"{&quot;background_background&quot;:&quot;classic&quot;}\">\n\t\t\t\t\t\t<div class=\"elementor-container elementor-column-gap-default\">\n\t\t\t\t\t<div class=\"elementor-column elementor-col-50 elementor-top-column elementor-element elementor-element-daa0d67\" data-id=\"daa0d67\" data-element_type=\"column\">\n\t\t\t<div class=\"elementor-widget-wrap elementor-element-populated\">\n\t\t\t\t\t\t\t\t\t<\/div>\n\t\t<\/div>\n\t\t\t\t<div class=\"elementor-column elementor-col-50 elementor-top-column elementor-element elementor-element-00e4681\" data-id=\"00e4681\" data-element_type=\"column\">\n\t\t\t<div class=\"elementor-widget-wrap elementor-element-populated\">\n\t\t\t\t\t\t\t\t<div class=\"elementor-element elementor-element-971f8e0 elementor-widget elementor-widget-text-editor\" data-id=\"971f8e0\" data-element_type=\"widget\" data-widget_type=\"text-editor.default\">\n\t\t\t\t<div class=\"elementor-widget-container\">\n\t\t\t\t\t\t\t<h1 style=\"text-align: center;\"><strong>Bildung ist Macht.<\/strong><\/h1>\t\t\t\t\t\t<\/div>\n\t\t\t\t<\/div>\n\t\t\t\t\t<\/div>\n\t\t<\/div>\n\t\t\t\t\t\t\t<\/div>\n\t\t<\/section>\n\t\t\t\t\t\t\t<\/div>\n\t\t<\/div>\n\t\t\t\t<\/div>\n\t\t\t\t<\/div>\n\t\t\t\t\t<\/div>\n\t\t<\/div>\n\t\t\t\t\t\t\t<\/div>\n\t\t<\/section>\n\t\t\t\t<section class=\"elementor-section elementor-top-section elementor-element elementor-element-d7dcc4b elementor-section-boxed elementor-section-height-default elementor-section-height-default\" data-id=\"d7dcc4b\" data-element_type=\"section\" data-settings=\"{&quot;background_background&quot;:&quot;classic&quot;}\">\n\t\t\t\t\t\t<div class=\"elementor-container elementor-column-gap-wider\">\n\t\t\t\t\t<div class=\"elementor-column elementor-col-50 elementor-top-column elementor-element elementor-element-ce3da52\" data-id=\"ce3da52\" data-element_type=\"column\">\n\t\t\t<div class=\"elementor-widget-wrap elementor-element-populated\">\n\t\t\t\t\t\t\t\t<div class=\"elementor-element elementor-element-fbb4b8b elementor-widget elementor-widget-heading\" data-id=\"fbb4b8b\" data-element_type=\"widget\" data-widget_type=\"heading.default\">\n\t\t\t\t<div class=\"elementor-widget-container\">\n\t\t\t<h2 class=\"elementor-heading-title elementor-size-default\">Unser Leitbild<\/h2>\t\t<\/div>\n\t\t\t\t<\/div>\n\t\t\t\t<div class=\"elementor-element elementor-element-15e0d36 elementor-invisible elementor-widget elementor-widget-text-editor\" data-id=\"15e0d36\" data-element_type=\"widget\" data-settings=\"{&quot;_animation&quot;:&quot;fadeIn&quot;}\" data-widget_type=\"text-editor.default\">\n\t\t\t\t<div class=\"elementor-widget-container\">\n\t\t\t\t\t\t\t<p class=\"MsoNormal\"><o:p>&nbsp;<\/o:p><\/p><p class=\"MsoNormal\"><b>LEITBILD DER\nEINRICHTUNG<o:p><\/o:p><\/b><\/p><p class=\"MsoNormal\"><o:p>&nbsp;<\/o:p><\/p><p class=\"MsoNormal\" style=\"text-align:justify\">Die GERMANICA Bildungsinstitution\nist eine seit 2011 etablierte Bildungsinstitution mit dem Ziel, die aus\nstaatlichen Mitteln der MA 13 und des BMBWF gef\u00f6rderte Bildungsma\u00dfnahme e-PSA\n-erwachsenengerechter Pflichtschulabschluss qualit\u00e4tsvoll umzusetzen. Der\nLehrgang dauert 10 Monate und ist f\u00fcr die TeilnehmerInnen kostenlos. Ein Bezug\nzur Deckung des Lebensunterhaltes beziehungsweise Arbeitslosengeld durch das\nAMS ist m\u00f6glich.<o:p><\/o:p><\/p><p class=\"MsoNormal\" style=\"text-align:justify\">Die Germanica Bildungsinstitution\nist im Rahmen der Initiative Erwachsenenbildung offizieller Kooperationspartner\nder MA 13, des BMBWF und des AMS und mit den anderen Tr\u00e4gervereinen UKI, WUK, VHS,\nABZ, BFI \u00fcber die MA 13 gut vernetzt. Bei den offiziellen Sitzungen in der MA\n13 und bei den informellen Vorbereitungstreffen ist die Germanica\nBildungsinstitution immer pr\u00e4sent, um die vorgegebenen Richtlinien der\nF\u00f6rdergeber genau und sorgf\u00e4ltig umzusetzen und den kollegialen fachlichen\nAustausch mit den anderen Tr\u00e4gervereinen zu pflegen.<o:p><\/o:p><\/p><p class=\"MsoNormal\" style=\"text-align:justify\">Die Germanica Bildungsinstitution\nbesitzt im Rahmen der Initiative Erwachsenenbildung eine g\u00fcltige Akkreditierung\nf\u00fcr den e-PSA und die Basisbildung.<o:p><\/o:p><\/p><p class=\"MsoNormal\" style=\"text-align:justify\">Unser ernsthaftes Anliegen ist\nes, Menschen in benachteiligten Positionen und schwierigen Lebensbedingungen zu\nerm\u00f6glichen, im \u00f6sterreichischen Bildungssystem formale Bildungsabschl\u00fcsse zu\nerlangen und damit auf dem Arbeitsmarkt bessere Chancen zu haben.<o:p><\/o:p><\/p><p class=\"MsoNormal\" style=\"text-align:justify\">Konkret verfolgen wir folgende\nZiele:<o:p><\/o:p><\/p><p class=\"MsoListParagraphCxSpFirst\" style=\"text-align:justify;text-indent:-18.0pt;mso-list:l1 level1 lfo1\"><!--[if !supportLists]--><span style=\"font-family:Symbol;mso-fareast-font-family:Symbol;mso-bidi-font-family:Symbol\">\u00b7<span style=\"font-variant-numeric: normal; font-variant-east-asian: normal; font-variant-alternates: normal; font-kerning: auto; font-optical-sizing: auto; font-feature-settings: normal; font-variation-settings: normal; font-variant-position: normal; font-stretch: normal; font-size: 7pt; line-height: normal; font-family: &quot;Times New Roman&quot;;\">&nbsp;&nbsp;&nbsp;&nbsp;&nbsp;&nbsp;&nbsp;&nbsp;\n<\/span><\/span><!--[endif]-->Unser Angebot entspricht der Diversit\u00e4t unserer\nZielgruppen<o:p><\/o:p><\/p><p class=\"MsoListParagraphCxSpMiddle\" style=\"margin-left:72.0pt;mso-add-space:auto;text-align:justify;text-indent:-18.0pt;mso-list:l1 level2 lfo1\"><!--[if !supportLists]--><span style=\"font-family:&quot;Courier New&quot;;mso-fareast-font-family:&quot;Courier New&quot;\">o<span style=\"font-variant-numeric: normal; font-variant-east-asian: normal; font-variant-alternates: normal; font-kerning: auto; font-optical-sizing: auto; font-feature-settings: normal; font-variation-settings: normal; font-variant-position: normal; font-stretch: normal; font-size: 7pt; line-height: normal; font-family: &quot;Times New Roman&quot;;\">&nbsp;&nbsp;\n<\/span><\/span><!--[endif]-->Alle TeilnehmerInnen sollen sich bei uns\ngleicherma\u00dfen angenommen und aufgehoben f\u00fchlen,&nbsp;\nunabh\u00e4ngig von ihrer Herkunft, Kultur, Religion, Geschlecht und ihren\nBildungsvoraussetzungen. Sie alle erhalten die optimale individuelle F\u00f6rderung.<o:p><\/o:p><\/p><p class=\"MsoListParagraphCxSpMiddle\" style=\"margin-left:72.0pt;mso-add-space:auto;text-align:justify;text-indent:-18.0pt;mso-list:l1 level2 lfo1\"><!--[if !supportLists]--><span style=\"font-family:&quot;Courier New&quot;;mso-fareast-font-family:&quot;Courier New&quot;\">o<span style=\"font-variant-numeric: normal; font-variant-east-asian: normal; font-variant-alternates: normal; font-kerning: auto; font-optical-sizing: auto; font-feature-settings: normal; font-variation-settings: normal; font-variant-position: normal; font-stretch: normal; font-size: 7pt; line-height: normal; font-family: &quot;Times New Roman&quot;;\">&nbsp;&nbsp;\n<\/span><\/span><!--[endif]-->Wir bieten umfassende Unterst\u00fctzungsma\u00dfnahmen, damit\nm\u00f6glichst alle TeilnehmerInnen ihre selbst gesteckten Bildungsziele erreichen\nund die gew\u00fcnschten Pr\u00fcfungen erfolgreich ablegen k\u00f6nnen.<o:p><\/o:p><\/p><p class=\"MsoListParagraphCxSpMiddle\" style=\"text-align:justify;text-indent:-18.0pt;mso-list:l1 level1 lfo1\"><!--[if !supportLists]--><span style=\"font-family:Symbol;mso-fareast-font-family:Symbol;mso-bidi-font-family:Symbol\">\u00b7<span style=\"font-variant-numeric: normal; font-variant-east-asian: normal; font-variant-alternates: normal; font-kerning: auto; font-optical-sizing: auto; font-feature-settings: normal; font-variation-settings: normal; font-variant-position: normal; font-stretch: normal; font-size: 7pt; line-height: normal; font-family: &quot;Times New Roman&quot;;\">&nbsp;&nbsp;&nbsp;&nbsp;&nbsp;&nbsp;&nbsp;&nbsp;\n<\/span><\/span><!--[endif]-->TeilnehmerInnen mit einem langsameren Lerntempo\nund TeilnehmerInnen, deren Eingangsvoraussetzungen unter dem allgemeinen\nDurchschnitt liegen, wird erm\u00f6glicht, in Kleingruppen im Intensivtrainingskurs\ndas Pr\u00fcfungsniveau zu erreichen.<o:p><\/o:p><\/p><p class=\"MsoListParagraphCxSpLast\" style=\"text-align:justify;text-indent:-18.0pt;mso-list:l1 level1 lfo1\"><!--[if !supportLists]--><span style=\"font-family:Symbol;mso-fareast-font-family:Symbol;mso-bidi-font-family:Symbol\">\u00b7<span style=\"font-variant-numeric: normal; font-variant-east-asian: normal; font-variant-alternates: normal; font-kerning: auto; font-optical-sizing: auto; font-feature-settings: normal; font-variation-settings: normal; font-variant-position: normal; font-stretch: normal; font-size: 7pt; line-height: normal; font-family: &quot;Times New Roman&quot;;\">&nbsp;&nbsp;&nbsp;&nbsp;&nbsp;&nbsp;&nbsp;&nbsp;\n<\/span><\/span><!--[endif]-->Begleitendes Coaching&nbsp; durch eine ausgebildete Fachkraft schafft\nVertrauen, unterst\u00fctzt bei Problemen und st\u00e4rkt die eigene Pers\u00f6nlichkeit.<o:p><\/o:p><\/p><p class=\"MsoNormal\" style=\"text-align:justify\"><o:p>&nbsp;<\/o:p><\/p><p class=\"MsoNormal\" style=\"text-align:justify\"><o:p>&nbsp;<\/o:p><\/p><p class=\"MsoNormal\" style=\"text-align:justify\"><o:p>&nbsp;<\/o:p><\/p><p class=\"MsoNormal\" style=\"text-align:justify\"><o:p>&nbsp;<\/o:p><\/p><p class=\"MsoNormal\" style=\"text-align:justify\">Unser Ziel sind TeilnehmerInnen, die\nsich bei uns:<o:p><\/o:p><\/p><p class=\"MsoListParagraphCxSpFirst\" style=\"text-align:justify;text-indent:-18.0pt;mso-list:l0 level1 lfo2\"><!--[if !supportLists]--><span style=\"font-family:Symbol;mso-fareast-font-family:Symbol;mso-bidi-font-family:Symbol\">\u00b7<span style=\"font-variant-numeric: normal; font-variant-east-asian: normal; font-variant-alternates: normal; font-kerning: auto; font-optical-sizing: auto; font-feature-settings: normal; font-variation-settings: normal; font-variant-position: normal; font-stretch: normal; font-size: 7pt; line-height: normal; font-family: &quot;Times New Roman&quot;;\">&nbsp;&nbsp;&nbsp;&nbsp;&nbsp;&nbsp;&nbsp;&nbsp;\n<\/span><\/span><!--[endif]-->den Reiz des Lernens und der Bildung entdecken<o:p><\/o:p><\/p><p class=\"MsoListParagraphCxSpMiddle\" style=\"text-align:justify;text-indent:-18.0pt;mso-list:l0 level1 lfo2\"><!--[if !supportLists]--><span style=\"font-family:Symbol;mso-fareast-font-family:Symbol;mso-bidi-font-family:Symbol\">\u00b7<span style=\"font-variant-numeric: normal; font-variant-east-asian: normal; font-variant-alternates: normal; font-kerning: auto; font-optical-sizing: auto; font-feature-settings: normal; font-variation-settings: normal; font-variant-position: normal; font-stretch: normal; font-size: 7pt; line-height: normal; font-family: &quot;Times New Roman&quot;;\">&nbsp;&nbsp;&nbsp;&nbsp;&nbsp;&nbsp;&nbsp;&nbsp;\n<\/span><\/span><!--[endif]-->ihr Potential und ihre St\u00e4rken ermitteln und\nentwickeln k\u00f6nnen<o:p><\/o:p><\/p><p class=\"MsoListParagraphCxSpMiddle\" style=\"text-align:justify;text-indent:-18.0pt;mso-list:l0 level1 lfo2\"><!--[if !supportLists]--><span style=\"font-family:Symbol;mso-fareast-font-family:Symbol;mso-bidi-font-family:Symbol\">\u00b7<span style=\"font-variant-numeric: normal; font-variant-east-asian: normal; font-variant-alternates: normal; font-kerning: auto; font-optical-sizing: auto; font-feature-settings: normal; font-variation-settings: normal; font-variant-position: normal; font-stretch: normal; font-size: 7pt; line-height: normal; font-family: &quot;Times New Roman&quot;;\">&nbsp;&nbsp;&nbsp;&nbsp;&nbsp;&nbsp;&nbsp;&nbsp;\n<\/span><\/span><!--[endif]-->mit neuem Selbstbewusstsein aus dem Lehrgang\nhervorgehen<o:p><\/o:p><\/p><p class=\"MsoListParagraphCxSpMiddle\" style=\"text-align:justify;text-indent:-18.0pt;mso-list:l0 level1 lfo2\"><!--[if !supportLists]--><span style=\"font-family:Symbol;mso-fareast-font-family:Symbol;mso-bidi-font-family:Symbol\">\u00b7<span style=\"font-variant-numeric: normal; font-variant-east-asian: normal; font-variant-alternates: normal; font-kerning: auto; font-optical-sizing: auto; font-feature-settings: normal; font-variation-settings: normal; font-variant-position: normal; font-stretch: normal; font-size: 7pt; line-height: normal; font-family: &quot;Times New Roman&quot;;\">&nbsp;&nbsp;&nbsp;&nbsp;&nbsp;&nbsp;&nbsp;&nbsp;\n<\/span><\/span><!--[endif]-->sich neue M\u00f6glichkeiten f\u00fcr ihren weiteren\nBildungsweg schaffen<o:p><\/o:p><\/p><p class=\"MsoListParagraphCxSpMiddle\" style=\"text-align:justify;text-indent:-18.0pt;mso-list:l0 level1 lfo2\"><!--[if !supportLists]--><span style=\"font-family:Symbol;mso-fareast-font-family:Symbol;mso-bidi-font-family:Symbol\">\u00b7<span style=\"font-variant-numeric: normal; font-variant-east-asian: normal; font-variant-alternates: normal; font-kerning: auto; font-optical-sizing: auto; font-feature-settings: normal; font-variation-settings: normal; font-variant-position: normal; font-stretch: normal; font-size: 7pt; line-height: normal; font-family: &quot;Times New Roman&quot;;\">&nbsp;&nbsp;&nbsp;&nbsp;&nbsp;&nbsp;&nbsp;&nbsp;\n<\/span><\/span><!--[endif]-->das Selbstvertrauen besitzen, die neu er\u00f6ffneten\nM\u00f6glichkeiten optimistisch zu nutzen<o:p><\/o:p><\/p><p class=\"MsoListParagraphCxSpLast\" style=\"text-align:justify;text-indent:-18.0pt;mso-list:l0 level1 lfo2\"><!--[if !supportLists]--><span style=\"font-family:Symbol;mso-fareast-font-family:Symbol;mso-bidi-font-family:Symbol\">\u00b7<span style=\"font-variant-numeric: normal; font-variant-east-asian: normal; font-variant-alternates: normal; font-kerning: auto; font-optical-sizing: auto; font-feature-settings: normal; font-variation-settings: normal; font-variant-position: normal; font-stretch: normal; font-size: 7pt; line-height: normal; font-family: &quot;Times New Roman&quot;;\">&nbsp;&nbsp;&nbsp;&nbsp;&nbsp;&nbsp;&nbsp;&nbsp;\n<\/span><\/span><!--[endif]-->einen formalen Bildungsabschluss erwerben<o:p><\/o:p><\/p><p class=\"MsoNormal\" style=\"text-align:justify\">Auf diese Weise ist ein Gro\u00dfteil\ndes TrainerInnenteams direkt in die Verantwortlichkeit f\u00fcr unsere\nGesamtleistung miteinbezogen und die Qualit\u00e4t unserer Arbeit wird zum\npers\u00f6nlichen Anliegen jedes einzelnen\/jeder einzelnen.<o:p><\/o:p><\/p><p class=\"MsoNormal\" style=\"text-align:justify\"><o:p>&nbsp;<\/o:p><\/p><p>\n\n\n\n\n\n\n\n\n\n\n\n\n\n\n\n\n\n\n\n\n\n\n\n\n\n\n\n\n\n\n\n\n\n\n\n\n\n\n\n\n\n\n\n\n\n\n\n\n\n\n\n<\/p><p class=\"MsoNormal\" style=\"text-align:justify\">Wien, November 2023<o:p><\/o:p><\/p>\t\t\t\t\t\t<\/div>\n\t\t\t\t<\/div>\n\t\t\t\t\t<\/div>\n\t\t<\/div>\n\t\t\t\t<div class=\"elementor-column elementor-col-50 elementor-top-column elementor-element elementor-element-d90af73\" data-id=\"d90af73\" data-element_type=\"column\">\n\t\t\t<div class=\"elementor-widget-wrap elementor-element-populated\">\n\t\t\t\t\t\t\t\t<div class=\"elementor-element elementor-element-c83d21c elementor-invisible elementor-widget elementor-widget-sidebar\" data-id=\"c83d21c\" data-element_type=\"widget\" data-settings=\"{&quot;_animation&quot;:&quot;fadeInRight&quot;}\" data-widget_type=\"sidebar.default\">\n\t\t\t\t<div class=\"elementor-widget-container\">\n\t\t\t<div id=\"text-4\" class=\"widget widget_text\"><h3 class=\"widget-title\">B\u00fcro &#038; Anmeldung<\/h3>\t\t\t<div class=\"textwidget\"><p><strong>Germanica Bildungsinstitution<\/strong><br \/>Felberstra\u00dfe 2\/18<br \/>A-1150 Wien<br \/><a href=\"mailto:office@germanica.at\">office@germanica.at<\/a><br \/>Tel: +43 1 895 78 42<\/p>\n<div>\n<p><span class=\"mission\"><a title=\"Allgemeine Gesch\u00e4ftsbedingungen\" href=\"https:\/\/www.germanica.at\/ggmbh\/en\/agb\/\">AGB<\/a><\/span><\/p>\n<\/div>\n<\/div>\n\t\t<\/div><div id=\"text-3\" class=\"widget widget_text\"><h3 class=\"widget-title\">\u00dcbersetzungsb\u00fcro<\/h3>\t\t\t<div class=\"textwidget\"><p><img fetchpriority=\"high\" decoding=\"async\" class=\"wp-image-1281 size-full aligncenter\" src=\"\/gmbh\/wp-content\/uploads\/2020\/04\/AdobeStock_86214931_uebersetzungen_kl.jpg\" alt=\"\" width=\"800\" height=\"533\" srcset=\"https:\/\/www.germanica.at\/ggmbh\/wp-content\/uploads\/2020\/04\/AdobeStock_86214931_uebersetzungen_kl.jpg 800w, https:\/\/www.germanica.at\/ggmbh\/wp-content\/uploads\/2020\/04\/AdobeStock_86214931_uebersetzungen_kl-300x200.jpg 300w, https:\/\/www.germanica.at\/ggmbh\/wp-content\/uploads\/2020\/04\/AdobeStock_86214931_uebersetzungen_kl-768x512.jpg 768w, https:\/\/www.germanica.at\/ggmbh\/wp-content\/uploads\/2020\/04\/AdobeStock_86214931_uebersetzungen_kl-600x400.jpg 600w\" sizes=\"(max-width: 800px) 100vw, 800px\" \/><\/p>\n<p>Wir \u00fcbersetzen und beglaubigen Ihre Dokumente in vielen Sprachen. Wir dolmetschen vor Gericht, bei Rechtsanw\u00e4ltInnen, bei \u00c4rztInnen, bei der Eheschlie\u00dfung, bei der F\u00fchrerscheinpr\u00fcfung, beim Pensionsantrag, usw.<\/p>\n<\/div>\n\t\t<\/div><div id=\"text-5\" class=\"widget widget_text\"><h3 class=\"widget-title\">Kooperationspartner<\/h3>\t\t\t<div class=\"textwidget\"><p><a href=\"https:\/\/www.calamus.at\" target=\"_blank\" rel=\"noopener\"><img loading=\"lazy\" decoding=\"async\" class=\"wp-image-843 size-full aligncenter\" src=\"\/gmbh\/wp-content\/uploads\/2020\/03\/calamus-verlag-1.png\" alt=\"\" width=\"380\" height=\"70\" srcset=\"https:\/\/www.germanica.at\/ggmbh\/wp-content\/uploads\/2020\/03\/calamus-verlag-1.png 380w, https:\/\/www.germanica.at\/ggmbh\/wp-content\/uploads\/2020\/03\/calamus-verlag-1-300x55.png 300w\" sizes=\"(max-width: 380px) 100vw, 380px\" \/><\/a><\/p>\n<div>\n<p>&nbsp;<\/p>\n<\/div>\n<p><a href=\"https:\/\/www.calamus.at\/uber-die-bucher-3\/\" target=\"_blank\" rel=\"noopener\"><img loading=\"lazy\" decoding=\"async\" class=\"size-full wp-image-845 aligncenter\" src=\"\/gmbh\/wp-content\/uploads\/2020\/04\/buecher_b11.png\" alt=\"\" width=\"249\" height=\"207\" \/><\/a><a href=\"https:\/\/www.calamus.at\/uber-die-bucher-3\/\" target=\"_blank\" rel=\"noopener\"><img loading=\"lazy\" decoding=\"async\" class=\"wp-image-844 size-full aligncenter\" src=\"\/gmbh\/wp-content\/uploads\/2020\/05\/mgemeinsam_logo-01_neu.png\" alt=\"\" width=\"669\" height=\"116\" \/><\/a><\/p>\n<\/div>\n\t\t<\/div><div id=\"text-6\" class=\"widget widget_text\"><h3 class=\"widget-title\">Schnell zum Ziel<\/h3>\t\t\t<div class=\"textwidget\"><p><img loading=\"lazy\" decoding=\"async\" class=\"alignnone wp-image-189 size-large\" src=\"https:\/\/www.germanica.at\/ggmbh\/wp-content\/uploads\/2020\/03\/allgemein_stellenangebote_1920-1024x683.jpg\" alt=\"Stellenangebote\" width=\"1024\" height=\"683\" srcset=\"https:\/\/www.germanica.at\/ggmbh\/wp-content\/uploads\/2020\/03\/allgemein_stellenangebote_1920-1024x683.jpg 1024w, https:\/\/www.germanica.at\/ggmbh\/wp-content\/uploads\/2020\/03\/allgemein_stellenangebote_1920-300x200.jpg 300w, https:\/\/www.germanica.at\/ggmbh\/wp-content\/uploads\/2020\/03\/allgemein_stellenangebote_1920-600x400.jpg 600w, https:\/\/www.germanica.at\/ggmbh\/wp-content\/uploads\/2020\/03\/allgemein_stellenangebote_1920-768x512.jpg 768w, https:\/\/www.germanica.at\/ggmbh\/wp-content\/uploads\/2020\/03\/allgemein_stellenangebote_1920-1536x1024.jpg 1536w, https:\/\/www.germanica.at\/ggmbh\/wp-content\/uploads\/2020\/03\/allgemein_stellenangebote_1920.jpg 1920w\" sizes=\"(max-width: 1024px) 100vw, 1024px\" \/><\/p>\n<h3><a href=\"https:\/\/www.germanica.at\/ggmbh\/en\/stellenangebote\/\">Stellenangebote<\/a><\/h3>\n<\/div>\n\t\t<\/div>\t\t<\/div>\n\t\t\t\t<\/div>\n\t\t\t\t\t<\/div>\n\t\t<\/div>\n\t\t\t\t\t\t\t<\/div>\n\t\t<\/section>\n\t\t\t\t\t\t\t<\/div>","protected":false},"excerpt":{"rendered":"<p>Unser Leitbild &nbsp; LEITBILD DER EINRICHTUNG &nbsp; Die GERMANICA Bildungsinstitution ist eine seit 2011 etablierte Bildungsinstitution mit dem Ziel, die aus staatlichen Mitteln der MA 13 und des BMBWF gef\u00f6rderte Bildungsma\u00dfnahme e-PSA -erwachsenengerechter Pflichtschulabschluss qualit\u00e4tsvoll umzusetzen. Der Lehrgang dauert 10 Monate und ist f\u00fcr die TeilnehmerInnen kostenlos. Ein Bezug zur Deckung des Lebensunterhaltes beziehungsweise Arbeitslosengeld [&hellip;]<\/p>","protected":false},"author":1,"featured_media":0,"parent":0,"menu_order":0,"comment_status":"closed","ping_status":"closed","template":"template-parts\/template-homepage.php","meta":{"footnotes":""},"jetpack_sharing_enabled":true,"_links":{"self":[{"href":"https:\/\/www.germanica.at\/ggmbh\/en\/wp-json\/wp\/v2\/pages\/252"}],"collection":[{"href":"https:\/\/www.germanica.at\/ggmbh\/en\/wp-json\/wp\/v2\/pages"}],"about":[{"href":"https:\/\/www.germanica.at\/ggmbh\/en\/wp-json\/wp\/v2\/types\/page"}],"author":[{"embeddable":true,"href":"https:\/\/www.germanica.at\/ggmbh\/en\/wp-json\/wp\/v2\/users\/1"}],"replies":[{"embeddable":true,"href":"https:\/\/www.germanica.at\/ggmbh\/en\/wp-json\/wp\/v2\/comments?post=252"}],"version-history":[{"count":13,"href":"https:\/\/www.germanica.at\/ggmbh\/en\/wp-json\/wp\/v2\/pages\/252\/revisions"}],"predecessor-version":[{"id":1457,"href":"https:\/\/www.germanica.at\/ggmbh\/en\/wp-json\/wp\/v2\/pages\/252\/revisions\/1457"}],"wp:attachment":[{"href":"https:\/\/www.germanica.at\/ggmbh\/en\/wp-json\/wp\/v2\/media?parent=252"}],"curies":[{"name":"wp","href":"https:\/\/api.w.org\/{rel}","templated":true}]}}