{"id":345,"date":"2020-03-04T17:56:07","date_gmt":"2020-03-04T16:56:07","guid":{"rendered":"http:\/\/neu.germanica.at\/?page_id=345"},"modified":"2025-09-17T13:07:22","modified_gmt":"2025-09-17T11:07:22","slug":"unser-team","status":"publish","type":"page","link":"https:\/\/www.germanica.at\/ggmbh\/bs\/unser-team\/","title":{"rendered":"Unser Team"},"content":{"rendered":"<div data-elementor-type=\"wp-post\" data-elementor-id=\"345\" class=\"elementor elementor-345\" data-elementor-post-type=\"page\">\n\t\t\t\t\t\t\t\t\t<section class=\"elementor-section elementor-top-section elementor-element elementor-element-f3b274e elementor-section-full_width elementor-section-height-default elementor-section-height-default\" data-id=\"f3b274e\" data-element_type=\"section\">\n\t\t\t\t\t\t<div class=\"elementor-container elementor-column-gap-no\">\n\t\t\t\t\t<div class=\"elementor-column elementor-col-100 elementor-top-column elementor-element elementor-element-054c1e7\" data-id=\"054c1e7\" data-element_type=\"column\">\n\t\t\t<div class=\"elementor-widget-wrap elementor-element-populated\">\n\t\t\t\t\t\t\t\t<div class=\"elementor-element elementor-element-5152114 elementor-widget elementor-widget-shortcode\" data-id=\"5152114\" data-element_type=\"widget\" data-widget_type=\"shortcode.default\">\n\t\t\t\t<div class=\"elementor-widget-container\">\n\t\t\t\t\t<div class=\"elementor-shortcode\">\t\t<div data-elementor-type=\"wp-post\" data-elementor-id=\"504\" class=\"elementor elementor-504\" data-elementor-post-type=\"elementor-hf\">\n\t\t\t\t\t\t\t\t\t<section class=\"elementor-section elementor-top-section elementor-element elementor-element-312b255 elementor-section-boxed elementor-section-height-default elementor-section-height-default\" data-id=\"312b255\" data-element_type=\"section\" data-settings=\"{&quot;background_background&quot;:&quot;classic&quot;}\">\n\t\t\t\t\t\t<div class=\"elementor-container elementor-column-gap-default\">\n\t\t\t\t\t<div class=\"elementor-column elementor-col-50 elementor-top-column elementor-element elementor-element-daa0d67\" data-id=\"daa0d67\" data-element_type=\"column\">\n\t\t\t<div class=\"elementor-widget-wrap elementor-element-populated\">\n\t\t\t\t\t\t\t\t\t<\/div>\n\t\t<\/div>\n\t\t\t\t<div class=\"elementor-column elementor-col-50 elementor-top-column elementor-element elementor-element-00e4681\" data-id=\"00e4681\" data-element_type=\"column\">\n\t\t\t<div class=\"elementor-widget-wrap elementor-element-populated\">\n\t\t\t\t\t\t\t\t<div class=\"elementor-element elementor-element-971f8e0 elementor-widget elementor-widget-text-editor\" data-id=\"971f8e0\" data-element_type=\"widget\" data-widget_type=\"text-editor.default\">\n\t\t\t\t<div class=\"elementor-widget-container\">\n\t\t\t\t\t\t\t<h1 style=\"text-align: center;\"><strong>Bildung ist Macht.<\/strong><\/h1>\t\t\t\t\t\t<\/div>\n\t\t\t\t<\/div>\n\t\t\t\t\t<\/div>\n\t\t<\/div>\n\t\t\t\t\t\t\t<\/div>\n\t\t<\/section>\n\t\t\t\t\t\t\t<\/div>\n\t\t<\/div>\n\t\t\t\t<\/div>\n\t\t\t\t<\/div>\n\t\t\t\t\t<\/div>\n\t\t<\/div>\n\t\t\t\t\t\t\t<\/div>\n\t\t<\/section>\n\t\t\t\t<section class=\"elementor-section elementor-top-section elementor-element elementor-element-d7dcc4b elementor-section-boxed elementor-section-height-default elementor-section-height-default\" data-id=\"d7dcc4b\" data-element_type=\"section\" data-settings=\"{&quot;background_background&quot;:&quot;classic&quot;}\">\n\t\t\t\t\t\t<div class=\"elementor-container elementor-column-gap-wider\">\n\t\t\t\t\t<div class=\"elementor-column elementor-col-50 elementor-top-column elementor-element elementor-element-ce3da52\" data-id=\"ce3da52\" data-element_type=\"column\">\n\t\t\t<div class=\"elementor-widget-wrap elementor-element-populated\">\n\t\t\t\t\t\t\t\t<div class=\"elementor-element elementor-element-fbb4b8b elementor-widget elementor-widget-heading\" data-id=\"fbb4b8b\" data-element_type=\"widget\" data-widget_type=\"heading.default\">\n\t\t\t\t<div class=\"elementor-widget-container\">\n\t\t\t<h2 class=\"elementor-heading-title elementor-size-default\">Unser Team<\/h2>\t\t<\/div>\n\t\t\t\t<\/div>\n\t\t\t\t<div class=\"elementor-element elementor-element-99d0d5a elementor-widget elementor-widget-spacer\" data-id=\"99d0d5a\" data-element_type=\"widget\" data-widget_type=\"spacer.default\">\n\t\t\t\t<div class=\"elementor-widget-container\">\n\t\t\t\t\t<div class=\"elementor-spacer\">\n\t\t\t<div class=\"elementor-spacer-inner\"><\/div>\n\t\t<\/div>\n\t\t\t\t<\/div>\n\t\t\t\t<\/div>\n\t\t\t\t<div class=\"elementor-element elementor-element-169706e elementor-widget elementor-widget-image\" data-id=\"169706e\" data-element_type=\"widget\" data-widget_type=\"image.default\">\n\t\t\t\t<div class=\"elementor-widget-container\">\n\t\t\t\t\t\t\t\t\t\t\t\t\t\t\t\t<a href=\"https:\/\/www.germanica.at\/ggmbh\/wp-content\/uploads\/2025\/09\/Organigramm-gGmbH2.jpg\" data-elementor-open-lightbox=\"yes\" data-elementor-lightbox-title=\"Organigramm gGmbH2\" data-e-action-hash=\"#elementor-action%3Aaction%3Dlightbox%26settings%3DeyJpZCI6MTYxNCwidXJsIjoiaHR0cHM6XC9cL3d3dy5nZXJtYW5pY2EuYXRcL2dnbWJoXC93cC1jb250ZW50XC91cGxvYWRzXC8yMDI1XC8wOVwvT3JnYW5pZ3JhbW0tZ0dtYkgyLmpwZyJ9\">\n\t\t\t\t\t\t\t<img loading=\"lazy\" decoding=\"async\" width=\"571\" height=\"695\" src=\"https:\/\/www.germanica.at\/ggmbh\/wp-content\/uploads\/2025\/09\/Organigramm-gGmbH2.jpg\" class=\"attachment-medium_large size-medium_large wp-image-1614\" alt=\"\" srcset=\"https:\/\/www.germanica.at\/ggmbh\/wp-content\/uploads\/2025\/09\/Organigramm-gGmbH2.jpg 571w, https:\/\/www.germanica.at\/ggmbh\/wp-content\/uploads\/2025\/09\/Organigramm-gGmbH2-246x300.jpg 246w, https:\/\/www.germanica.at\/ggmbh\/wp-content\/uploads\/2025\/09\/Organigramm-gGmbH2-10x12.jpg 10w\" sizes=\"(max-width: 571px) 100vw, 571px\" \/>\t\t\t\t\t\t\t\t<\/a>\n\t\t\t\t\t\t\t\t\t\t\t\t\t\t\t<\/div>\n\t\t\t\t<\/div>\n\t\t\t\t<div class=\"elementor-element elementor-element-ca189c3 elementor-widget elementor-widget-text-editor\" data-id=\"ca189c3\" data-element_type=\"widget\" data-widget_type=\"text-editor.default\">\n\t\t\t\t<div class=\"elementor-widget-container\">\n\t\t\t\t\t\t\t<h3>Steckbriefe unserer Trainerinnen und Trainer<\/h3>\t\t\t\t\t\t<\/div>\n\t\t\t\t<\/div>\n\t\t\t\t<div class=\"elementor-element elementor-element-65eb0c4 elementor-widget elementor-widget-accordion\" data-id=\"65eb0c4\" data-element_type=\"widget\" data-widget_type=\"accordion.default\">\n\t\t\t\t<div class=\"elementor-widget-container\">\n\t\t\t\t\t<div class=\"elementor-accordion\">\n\t\t\t\t\t\t\t<div class=\"elementor-accordion-item\">\n\t\t\t\t\t<div id=\"elementor-tab-title-1061\" class=\"elementor-tab-title\" data-tab=\"1\" role=\"button\" aria-controls=\"elementor-tab-content-1061\" aria-expanded=\"false\">\n\t\t\t\t\t\t\t\t\t\t\t\t\t<span class=\"elementor-accordion-icon elementor-accordion-icon-left\" aria-hidden=\"true\">\n\t\t\t\t\t\t\t\t\t\t\t\t\t\t\t<span class=\"elementor-accordion-icon-closed\"><i class=\"fas fa-plus\"><\/i><\/span>\n\t\t\t\t\t\t\t\t<span class=\"elementor-accordion-icon-opened\"><i class=\"fas fa-minus\"><\/i><\/span>\n\t\t\t\t\t\t\t\t\t\t\t\t\t\t<\/span>\n\t\t\t\t\t\t\t\t\t\t\t\t<a class=\"elementor-accordion-title\" tabindex=\"0\">Mirko Vrdoljak, Hobl<\/a>\n\t\t\t\t\t<\/div>\n\t\t\t\t\t<div id=\"elementor-tab-content-1061\" class=\"elementor-tab-content elementor-clearfix\" data-tab=\"1\" role=\"region\" aria-labelledby=\"elementor-tab-title-1061\"><img loading=\"lazy\" decoding=\"async\" class=\"alignnone wp-image-1758 size-full\" src=\"https:\/\/www.germanica.at\/gmbh\/wp-content\/uploads\/2021\/01\/steckbrief-Chef-int-1.png\" alt=\"\" width=\"567\" height=\"401\" \/><\/div>\n\t\t\t\t<\/div>\n\t\t\t\t\t\t\t<div class=\"elementor-accordion-item\">\n\t\t\t\t\t<div id=\"elementor-tab-title-1062\" class=\"elementor-tab-title\" data-tab=\"2\" role=\"button\" aria-controls=\"elementor-tab-content-1062\" aria-expanded=\"false\">\n\t\t\t\t\t\t\t\t\t\t\t\t\t<span class=\"elementor-accordion-icon elementor-accordion-icon-left\" aria-hidden=\"true\">\n\t\t\t\t\t\t\t\t\t\t\t\t\t\t\t<span class=\"elementor-accordion-icon-closed\"><i class=\"fas fa-plus\"><\/i><\/span>\n\t\t\t\t\t\t\t\t<span class=\"elementor-accordion-icon-opened\"><i class=\"fas fa-minus\"><\/i><\/span>\n\t\t\t\t\t\t\t\t\t\t\t\t\t\t<\/span>\n\t\t\t\t\t\t\t\t\t\t\t\t<a class=\"elementor-accordion-title\" tabindex=\"0\">OSR Dir. i. P. Christine Schiller, MA<\/a>\n\t\t\t\t\t<\/div>\n\t\t\t\t\t<div id=\"elementor-tab-content-1062\" class=\"elementor-tab-content elementor-clearfix\" data-tab=\"2\" role=\"region\" aria-labelledby=\"elementor-tab-title-1062\"><p><img loading=\"lazy\" decoding=\"async\" class=\"alignnone wp-image-1701 size-full\" src=\"https:\/\/www.germanica.at\/gmbh\/wp-content\/uploads\/2021\/01\/steckbrief-Christine-Schiller-int.png\" alt=\"\" width=\"567\" height=\"401\" \/><\/p><\/div>\n\t\t\t\t<\/div>\n\t\t\t\t\t\t\t<div class=\"elementor-accordion-item\">\n\t\t\t\t\t<div id=\"elementor-tab-title-1063\" class=\"elementor-tab-title\" data-tab=\"3\" role=\"button\" aria-controls=\"elementor-tab-content-1063\" aria-expanded=\"false\">\n\t\t\t\t\t\t\t\t\t\t\t\t\t<span class=\"elementor-accordion-icon elementor-accordion-icon-left\" aria-hidden=\"true\">\n\t\t\t\t\t\t\t\t\t\t\t\t\t\t\t<span class=\"elementor-accordion-icon-closed\"><i class=\"fas fa-plus\"><\/i><\/span>\n\t\t\t\t\t\t\t\t<span class=\"elementor-accordion-icon-opened\"><i class=\"fas fa-minus\"><\/i><\/span>\n\t\t\t\t\t\t\t\t\t\t\t\t\t\t<\/span>\n\t\t\t\t\t\t\t\t\t\t\t\t<a class=\"elementor-accordion-title\" tabindex=\"0\">Song\u00fcl Yildirim. MSc<\/a>\n\t\t\t\t\t<\/div>\n\t\t\t\t\t<div id=\"elementor-tab-content-1063\" class=\"elementor-tab-content elementor-clearfix\" data-tab=\"3\" role=\"region\" aria-labelledby=\"elementor-tab-title-1063\"><p><img loading=\"lazy\" decoding=\"async\" class=\"alignnone wp-image-1804 size-full\" src=\"https:\/\/www.germanica.at\/gmbh\/wp-content\/uploads\/2021\/01\/steckbrief-Songuel-int-1.png\" alt=\"\" width=\"709\" height=\"501\" \/><\/p><\/div>\n\t\t\t\t<\/div>\n\t\t\t\t\t\t\t<div class=\"elementor-accordion-item\">\n\t\t\t\t\t<div id=\"elementor-tab-title-1064\" class=\"elementor-tab-title\" data-tab=\"4\" role=\"button\" aria-controls=\"elementor-tab-content-1064\" aria-expanded=\"false\">\n\t\t\t\t\t\t\t\t\t\t\t\t\t<span class=\"elementor-accordion-icon elementor-accordion-icon-left\" aria-hidden=\"true\">\n\t\t\t\t\t\t\t\t\t\t\t\t\t\t\t<span class=\"elementor-accordion-icon-closed\"><i class=\"fas fa-plus\"><\/i><\/span>\n\t\t\t\t\t\t\t\t<span class=\"elementor-accordion-icon-opened\"><i class=\"fas fa-minus\"><\/i><\/span>\n\t\t\t\t\t\t\t\t\t\t\t\t\t\t<\/span>\n\t\t\t\t\t\t\t\t\t\t\t\t<a class=\"elementor-accordion-title\" tabindex=\"0\">Mr. sc. iur. Ana Kova\u010di\u0107, univ. dipl. pol.<\/a>\n\t\t\t\t\t<\/div>\n\t\t\t\t\t<div id=\"elementor-tab-content-1064\" class=\"elementor-tab-content elementor-clearfix\" data-tab=\"4\" role=\"region\" aria-labelledby=\"elementor-tab-title-1064\"><p><img loading=\"lazy\" decoding=\"async\" class=\"alignnone wp-image-1767 size-full\" src=\"https:\/\/www.germanica.at\/gmbh\/wp-content\/uploads\/2021\/01\/steckbrief-ana-int-3.png\" alt=\"\" width=\"567\" height=\"401\" \/><\/p><\/div>\n\t\t\t\t<\/div>\n\t\t\t\t\t\t\t<div class=\"elementor-accordion-item\">\n\t\t\t\t\t<div id=\"elementor-tab-title-1065\" class=\"elementor-tab-title\" data-tab=\"5\" role=\"button\" aria-controls=\"elementor-tab-content-1065\" aria-expanded=\"false\">\n\t\t\t\t\t\t\t\t\t\t\t\t\t<span class=\"elementor-accordion-icon elementor-accordion-icon-left\" aria-hidden=\"true\">\n\t\t\t\t\t\t\t\t\t\t\t\t\t\t\t<span class=\"elementor-accordion-icon-closed\"><i class=\"fas fa-plus\"><\/i><\/span>\n\t\t\t\t\t\t\t\t<span class=\"elementor-accordion-icon-opened\"><i class=\"fas fa-minus\"><\/i><\/span>\n\t\t\t\t\t\t\t\t\t\t\t\t\t\t<\/span>\n\t\t\t\t\t\t\t\t\t\t\t\t<a class=\"elementor-accordion-title\" tabindex=\"0\">Patricia Wiedner, BEd<\/a>\n\t\t\t\t\t<\/div>\n\t\t\t\t\t<div id=\"elementor-tab-content-1065\" class=\"elementor-tab-content elementor-clearfix\" data-tab=\"5\" role=\"region\" aria-labelledby=\"elementor-tab-title-1065\"><p><img loading=\"lazy\" decoding=\"async\" class=\"alignnone wp-image-1705 size-full\" src=\"https:\/\/www.germanica.at\/gmbh\/wp-content\/uploads\/2021\/01\/steckbrief-Patricia-int.png\" alt=\"\" width=\"567\" height=\"401\" \/><\/p><\/div>\n\t\t\t\t<\/div>\n\t\t\t\t\t\t\t<div class=\"elementor-accordion-item\">\n\t\t\t\t\t<div id=\"elementor-tab-title-1066\" class=\"elementor-tab-title\" data-tab=\"6\" role=\"button\" aria-controls=\"elementor-tab-content-1066\" aria-expanded=\"false\">\n\t\t\t\t\t\t\t\t\t\t\t\t\t<span class=\"elementor-accordion-icon elementor-accordion-icon-left\" aria-hidden=\"true\">\n\t\t\t\t\t\t\t\t\t\t\t\t\t\t\t<span class=\"elementor-accordion-icon-closed\"><i class=\"fas fa-plus\"><\/i><\/span>\n\t\t\t\t\t\t\t\t<span class=\"elementor-accordion-icon-opened\"><i class=\"fas fa-minus\"><\/i><\/span>\n\t\t\t\t\t\t\t\t\t\t\t\t\t\t<\/span>\n\t\t\t\t\t\t\t\t\t\t\t\t<a class=\"elementor-accordion-title\" tabindex=\"0\">Selma Osmanovi\u0107, MA<\/a>\n\t\t\t\t\t<\/div>\n\t\t\t\t\t<div id=\"elementor-tab-content-1066\" class=\"elementor-tab-content elementor-clearfix\" data-tab=\"6\" role=\"region\" aria-labelledby=\"elementor-tab-title-1066\"><p><img loading=\"lazy\" decoding=\"async\" class=\"alignnone wp-image-1744 size-full\" src=\"https:\/\/www.germanica.at\/gmbh\/wp-content\/uploads\/2021\/01\/steckbrief-Selma-int-1.png\" alt=\"\" width=\"567\" height=\"401\" \/><\/p><\/div>\n\t\t\t\t<\/div>\n\t\t\t\t\t\t\t<div class=\"elementor-accordion-item\">\n\t\t\t\t\t<div id=\"elementor-tab-title-1067\" class=\"elementor-tab-title\" data-tab=\"7\" role=\"button\" aria-controls=\"elementor-tab-content-1067\" aria-expanded=\"false\">\n\t\t\t\t\t\t\t\t\t\t\t\t\t<span class=\"elementor-accordion-icon elementor-accordion-icon-left\" aria-hidden=\"true\">\n\t\t\t\t\t\t\t\t\t\t\t\t\t\t\t<span class=\"elementor-accordion-icon-closed\"><i class=\"fas fa-plus\"><\/i><\/span>\n\t\t\t\t\t\t\t\t<span class=\"elementor-accordion-icon-opened\"><i class=\"fas fa-minus\"><\/i><\/span>\n\t\t\t\t\t\t\t\t\t\t\t\t\t\t<\/span>\n\t\t\t\t\t\t\t\t\t\t\t\t<a class=\"elementor-accordion-title\" tabindex=\"0\">Christian Strasser<\/a>\n\t\t\t\t\t<\/div>\n\t\t\t\t\t<div id=\"elementor-tab-content-1067\" class=\"elementor-tab-content elementor-clearfix\" data-tab=\"7\" role=\"region\" aria-labelledby=\"elementor-tab-title-1067\"><\/div>\n\t\t\t\t<\/div>\n\t\t\t\t\t\t\t<div class=\"elementor-accordion-item\">\n\t\t\t\t\t<div id=\"elementor-tab-title-1068\" class=\"elementor-tab-title\" data-tab=\"8\" role=\"button\" aria-controls=\"elementor-tab-content-1068\" aria-expanded=\"false\">\n\t\t\t\t\t\t\t\t\t\t\t\t\t<span class=\"elementor-accordion-icon elementor-accordion-icon-left\" aria-hidden=\"true\">\n\t\t\t\t\t\t\t\t\t\t\t\t\t\t\t<span class=\"elementor-accordion-icon-closed\"><i class=\"fas fa-plus\"><\/i><\/span>\n\t\t\t\t\t\t\t\t<span class=\"elementor-accordion-icon-opened\"><i class=\"fas fa-minus\"><\/i><\/span>\n\t\t\t\t\t\t\t\t\t\t\t\t\t\t<\/span>\n\t\t\t\t\t\t\t\t\t\t\t\t<a class=\"elementor-accordion-title\" tabindex=\"0\">Suchart Wannaset<\/a>\n\t\t\t\t\t<\/div>\n\t\t\t\t\t<div id=\"elementor-tab-content-1068\" class=\"elementor-tab-content elementor-clearfix\" data-tab=\"8\" role=\"region\" aria-labelledby=\"elementor-tab-title-1068\"><\/div>\n\t\t\t\t<\/div>\n\t\t\t\t\t\t\t<div class=\"elementor-accordion-item\">\n\t\t\t\t\t<div id=\"elementor-tab-title-1069\" class=\"elementor-tab-title\" data-tab=\"9\" role=\"button\" aria-controls=\"elementor-tab-content-1069\" aria-expanded=\"false\">\n\t\t\t\t\t\t\t\t\t\t\t\t\t<span class=\"elementor-accordion-icon elementor-accordion-icon-left\" aria-hidden=\"true\">\n\t\t\t\t\t\t\t\t\t\t\t\t\t\t\t<span class=\"elementor-accordion-icon-closed\"><i class=\"fas fa-plus\"><\/i><\/span>\n\t\t\t\t\t\t\t\t<span class=\"elementor-accordion-icon-opened\"><i class=\"fas fa-minus\"><\/i><\/span>\n\t\t\t\t\t\t\t\t\t\t\t\t\t\t<\/span>\n\t\t\t\t\t\t\t\t\t\t\t\t<a class=\"elementor-accordion-title\" tabindex=\"0\">Julia Goette, MA<\/a>\n\t\t\t\t\t<\/div>\n\t\t\t\t\t<div id=\"elementor-tab-content-1069\" class=\"elementor-tab-content elementor-clearfix\" data-tab=\"9\" role=\"region\" aria-labelledby=\"elementor-tab-title-1069\"><p><img loading=\"lazy\" decoding=\"async\" class=\"alignnone wp-image-1433 size-full\" src=\"https:\/\/www.germanica.at\/ggmbh\/wp-content\/uploads\/2021\/02\/steckbrief-Julia.png\" alt=\"\" width=\"567\" height=\"401\" srcset=\"https:\/\/www.germanica.at\/ggmbh\/wp-content\/uploads\/2021\/02\/steckbrief-Julia.png 567w, https:\/\/www.germanica.at\/ggmbh\/wp-content\/uploads\/2021\/02\/steckbrief-Julia-300x212.png 300w\" sizes=\"(max-width: 567px) 100vw, 567px\" \/><\/p><\/div>\n\t\t\t\t<\/div>\n\t\t\t\t\t\t\t<div class=\"elementor-accordion-item\">\n\t\t\t\t\t<div id=\"elementor-tab-title-10610\" class=\"elementor-tab-title\" data-tab=\"10\" role=\"button\" aria-controls=\"elementor-tab-content-10610\" aria-expanded=\"false\">\n\t\t\t\t\t\t\t\t\t\t\t\t\t<span class=\"elementor-accordion-icon elementor-accordion-icon-left\" aria-hidden=\"true\">\n\t\t\t\t\t\t\t\t\t\t\t\t\t\t\t<span class=\"elementor-accordion-icon-closed\"><i class=\"fas fa-plus\"><\/i><\/span>\n\t\t\t\t\t\t\t\t<span class=\"elementor-accordion-icon-opened\"><i class=\"fas fa-minus\"><\/i><\/span>\n\t\t\t\t\t\t\t\t\t\t\t\t\t\t<\/span>\n\t\t\t\t\t\t\t\t\t\t\t\t<a class=\"elementor-accordion-title\" tabindex=\"0\">Rabiya Bulut<\/a>\n\t\t\t\t\t<\/div>\n\t\t\t\t\t<div id=\"elementor-tab-content-10610\" class=\"elementor-tab-content elementor-clearfix\" data-tab=\"10\" role=\"region\" aria-labelledby=\"elementor-tab-title-10610\"><\/div>\n\t\t\t\t<\/div>\n\t\t\t\t\t\t\t<div class=\"elementor-accordion-item\">\n\t\t\t\t\t<div id=\"elementor-tab-title-10611\" class=\"elementor-tab-title\" data-tab=\"11\" role=\"button\" aria-controls=\"elementor-tab-content-10611\" aria-expanded=\"false\">\n\t\t\t\t\t\t\t\t\t\t\t\t\t<span class=\"elementor-accordion-icon elementor-accordion-icon-left\" aria-hidden=\"true\">\n\t\t\t\t\t\t\t\t\t\t\t\t\t\t\t<span class=\"elementor-accordion-icon-closed\"><i class=\"fas fa-plus\"><\/i><\/span>\n\t\t\t\t\t\t\t\t<span class=\"elementor-accordion-icon-opened\"><i class=\"fas fa-minus\"><\/i><\/span>\n\t\t\t\t\t\t\t\t\t\t\t\t\t\t<\/span>\n\t\t\t\t\t\t\t\t\t\t\t\t<a class=\"elementor-accordion-title\" tabindex=\"0\">Vladimir Dimitirijevic<\/a>\n\t\t\t\t\t<\/div>\n\t\t\t\t\t<div id=\"elementor-tab-content-10611\" class=\"elementor-tab-content elementor-clearfix\" data-tab=\"11\" role=\"region\" aria-labelledby=\"elementor-tab-title-10611\"><\/div>\n\t\t\t\t<\/div>\n\t\t\t\t\t\t\t<div class=\"elementor-accordion-item\">\n\t\t\t\t\t<div id=\"elementor-tab-title-10612\" class=\"elementor-tab-title\" data-tab=\"12\" role=\"button\" aria-controls=\"elementor-tab-content-10612\" aria-expanded=\"false\">\n\t\t\t\t\t\t\t\t\t\t\t\t\t<span class=\"elementor-accordion-icon elementor-accordion-icon-left\" aria-hidden=\"true\">\n\t\t\t\t\t\t\t\t\t\t\t\t\t\t\t<span class=\"elementor-accordion-icon-closed\"><i class=\"fas fa-plus\"><\/i><\/span>\n\t\t\t\t\t\t\t\t<span class=\"elementor-accordion-icon-opened\"><i class=\"fas fa-minus\"><\/i><\/span>\n\t\t\t\t\t\t\t\t\t\t\t\t\t\t<\/span>\n\t\t\t\t\t\t\t\t\t\t\t\t<a class=\"elementor-accordion-title\" tabindex=\"0\">Danijela Janusic<\/a>\n\t\t\t\t\t<\/div>\n\t\t\t\t\t<div id=\"elementor-tab-content-10612\" class=\"elementor-tab-content elementor-clearfix\" data-tab=\"12\" role=\"region\" aria-labelledby=\"elementor-tab-title-10612\"><\/div>\n\t\t\t\t<\/div>\n\t\t\t\t\t\t\t<div class=\"elementor-accordion-item\">\n\t\t\t\t\t<div id=\"elementor-tab-title-10613\" class=\"elementor-tab-title\" data-tab=\"13\" role=\"button\" aria-controls=\"elementor-tab-content-10613\" aria-expanded=\"false\">\n\t\t\t\t\t\t\t\t\t\t\t\t\t<span class=\"elementor-accordion-icon elementor-accordion-icon-left\" aria-hidden=\"true\">\n\t\t\t\t\t\t\t\t\t\t\t\t\t\t\t<span class=\"elementor-accordion-icon-closed\"><i class=\"fas fa-plus\"><\/i><\/span>\n\t\t\t\t\t\t\t\t<span class=\"elementor-accordion-icon-opened\"><i class=\"fas fa-minus\"><\/i><\/span>\n\t\t\t\t\t\t\t\t\t\t\t\t\t\t<\/span>\n\t\t\t\t\t\t\t\t\t\t\t\t<a class=\"elementor-accordion-title\" tabindex=\"0\">Dr. Doris Egger-Weiss<\/a>\n\t\t\t\t\t<\/div>\n\t\t\t\t\t<div id=\"elementor-tab-content-10613\" class=\"elementor-tab-content elementor-clearfix\" data-tab=\"13\" role=\"region\" aria-labelledby=\"elementor-tab-title-10613\"><\/div>\n\t\t\t\t<\/div>\n\t\t\t\t\t\t\t\t<\/div>\n\t\t\t\t<\/div>\n\t\t\t\t<\/div>\n\t\t\t\t\t<\/div>\n\t\t<\/div>\n\t\t\t\t<div class=\"elementor-column elementor-col-50 elementor-top-column elementor-element elementor-element-d90af73\" data-id=\"d90af73\" data-element_type=\"column\">\n\t\t\t<div class=\"elementor-widget-wrap elementor-element-populated\">\n\t\t\t\t\t\t\t\t<div class=\"elementor-element elementor-element-c83d21c elementor-invisible elementor-widget elementor-widget-sidebar\" data-id=\"c83d21c\" data-element_type=\"widget\" data-settings=\"{&quot;_animation&quot;:&quot;fadeInRight&quot;}\" data-widget_type=\"sidebar.default\">\n\t\t\t\t<div class=\"elementor-widget-container\">\n\t\t\t<div id=\"text-4\" class=\"widget widget_text\"><h3 class=\"widget-title\">B\u00fcro &#038; Anmeldung<\/h3>\t\t\t<div class=\"textwidget\"><p><strong>Germanica Bildungsinstitution<\/strong><br \/>Felberstra\u00dfe 2\/18<br \/>A-1150 Wien<br \/><a href=\"mailto:office@germanica.at\">office@germanica.at<\/a><br \/>Tel: +43 1 895 78 42<\/p>\n<div>\n<p><span class=\"mission\"><a title=\"Allgemeine Gesch\u00e4ftsbedingungen\" href=\"https:\/\/www.germanica.at\/ggmbh\/bs\/agb\/\">AGB<\/a><\/span><\/p>\n<\/div>\n<\/div>\n\t\t<\/div><div id=\"text-3\" class=\"widget widget_text\"><h3 class=\"widget-title\">\u00dcbersetzungsb\u00fcro<\/h3>\t\t\t<div class=\"textwidget\"><p><img fetchpriority=\"high\" decoding=\"async\" class=\"wp-image-1281 size-full aligncenter\" src=\"\/gmbh\/wp-content\/uploads\/2020\/04\/AdobeStock_86214931_uebersetzungen_kl.jpg\" alt=\"\" width=\"800\" height=\"533\" srcset=\"https:\/\/www.germanica.at\/ggmbh\/wp-content\/uploads\/2020\/04\/AdobeStock_86214931_uebersetzungen_kl.jpg 800w, https:\/\/www.germanica.at\/ggmbh\/wp-content\/uploads\/2020\/04\/AdobeStock_86214931_uebersetzungen_kl-300x200.jpg 300w, https:\/\/www.germanica.at\/ggmbh\/wp-content\/uploads\/2020\/04\/AdobeStock_86214931_uebersetzungen_kl-768x512.jpg 768w, https:\/\/www.germanica.at\/ggmbh\/wp-content\/uploads\/2020\/04\/AdobeStock_86214931_uebersetzungen_kl-600x400.jpg 600w\" sizes=\"(max-width: 800px) 100vw, 800px\" \/><\/p>\n<p>Wir \u00fcbersetzen und beglaubigen Ihre Dokumente in vielen Sprachen. Wir dolmetschen vor Gericht, bei Rechtsanw\u00e4ltInnen, bei \u00c4rztInnen, bei der Eheschlie\u00dfung, bei der F\u00fchrerscheinpr\u00fcfung, beim Pensionsantrag, usw.<\/p>\n<\/div>\n\t\t<\/div><div id=\"text-5\" class=\"widget widget_text\"><h3 class=\"widget-title\">Kooperationspartner<\/h3>\t\t\t<div class=\"textwidget\"><p><a href=\"https:\/\/www.calamus.at\" target=\"_blank\" rel=\"noopener\"><img loading=\"lazy\" decoding=\"async\" class=\"wp-image-843 size-full aligncenter\" src=\"\/gmbh\/wp-content\/uploads\/2020\/03\/calamus-verlag-1.png\" alt=\"\" width=\"380\" height=\"70\" srcset=\"https:\/\/www.germanica.at\/ggmbh\/wp-content\/uploads\/2020\/03\/calamus-verlag-1.png 380w, https:\/\/www.germanica.at\/ggmbh\/wp-content\/uploads\/2020\/03\/calamus-verlag-1-300x55.png 300w\" sizes=\"(max-width: 380px) 100vw, 380px\" \/><\/a><\/p>\n<div>\n<p>&nbsp;<\/p>\n<\/div>\n<p><a href=\"https:\/\/www.calamus.at\/uber-die-bucher-3\/\" target=\"_blank\" rel=\"noopener\"><img loading=\"lazy\" decoding=\"async\" class=\"size-full wp-image-845 aligncenter\" src=\"\/gmbh\/wp-content\/uploads\/2020\/04\/buecher_b11.png\" alt=\"\" width=\"249\" height=\"207\" \/><\/a><a href=\"https:\/\/www.calamus.at\/uber-die-bucher-3\/\" target=\"_blank\" rel=\"noopener\"><img loading=\"lazy\" decoding=\"async\" class=\"wp-image-844 size-full aligncenter\" src=\"\/gmbh\/wp-content\/uploads\/2020\/05\/mgemeinsam_logo-01_neu.png\" alt=\"\" width=\"669\" height=\"116\" \/><\/a><\/p>\n<\/div>\n\t\t<\/div><div id=\"text-6\" class=\"widget widget_text\"><h3 class=\"widget-title\">Schnell zum Ziel<\/h3>\t\t\t<div class=\"textwidget\"><p><img loading=\"lazy\" decoding=\"async\" class=\"alignnone wp-image-189 size-large\" src=\"https:\/\/www.germanica.at\/ggmbh\/wp-content\/uploads\/2020\/03\/allgemein_stellenangebote_1920-1024x683.jpg\" alt=\"Stellenangebote\" width=\"1024\" height=\"683\" srcset=\"https:\/\/www.germanica.at\/ggmbh\/wp-content\/uploads\/2020\/03\/allgemein_stellenangebote_1920-1024x683.jpg 1024w, https:\/\/www.germanica.at\/ggmbh\/wp-content\/uploads\/2020\/03\/allgemein_stellenangebote_1920-300x200.jpg 300w, https:\/\/www.germanica.at\/ggmbh\/wp-content\/uploads\/2020\/03\/allgemein_stellenangebote_1920-600x400.jpg 600w, https:\/\/www.germanica.at\/ggmbh\/wp-content\/uploads\/2020\/03\/allgemein_stellenangebote_1920-768x512.jpg 768w, https:\/\/www.germanica.at\/ggmbh\/wp-content\/uploads\/2020\/03\/allgemein_stellenangebote_1920-1536x1024.jpg 1536w, https:\/\/www.germanica.at\/ggmbh\/wp-content\/uploads\/2020\/03\/allgemein_stellenangebote_1920.jpg 1920w\" sizes=\"(max-width: 1024px) 100vw, 1024px\" \/><\/p>\n<h3><a href=\"https:\/\/www.germanica.at\/ggmbh\/bs\/stellenangebote\/\">Stellenangebote<\/a><\/h3>\n<\/div>\n\t\t<\/div>\t\t<\/div>\n\t\t\t\t<\/div>\n\t\t\t\t\t<\/div>\n\t\t<\/div>\n\t\t\t\t\t\t\t<\/div>\n\t\t<\/section>\n\t\t\t\t\t\t\t<\/div>","protected":false},"excerpt":{"rendered":"<p>Unser Team Steckbriefe unserer Trainerinnen und Trainer Mirko Vrdoljak, Hobl OSR Dir. i. P. Christine Schiller, MA Song\u00fcl Yildirim. MSc Mr. sc. iur. Ana Kova\u010di\u0107, univ. dipl. pol. Patricia Wiedner, BEd Selma Osmanovi\u0107, MA Christian Strasser Suchart Wannaset Julia Goette, MA Rabiya Bulut Vladimir Dimitirijevic Danijela Janusic Dr. Doris Egger-Weiss<\/p>","protected":false},"author":1,"featured_media":0,"parent":0,"menu_order":0,"comment_status":"closed","ping_status":"closed","template":"template-parts\/template-homepage.php","meta":{"footnotes":""},"jetpack_sharing_enabled":true,"_links":{"self":[{"href":"https:\/\/www.germanica.at\/ggmbh\/bs\/wp-json\/wp\/v2\/pages\/345"}],"collection":[{"href":"https:\/\/www.germanica.at\/ggmbh\/bs\/wp-json\/wp\/v2\/pages"}],"about":[{"href":"https:\/\/www.germanica.at\/ggmbh\/bs\/wp-json\/wp\/v2\/types\/page"}],"author":[{"embeddable":true,"href":"https:\/\/www.germanica.at\/ggmbh\/bs\/wp-json\/wp\/v2\/users\/1"}],"replies":[{"embeddable":true,"href":"https:\/\/www.germanica.at\/ggmbh\/bs\/wp-json\/wp\/v2\/comments?post=345"}],"version-history":[{"count":63,"href":"https:\/\/www.germanica.at\/ggmbh\/bs\/wp-json\/wp\/v2\/pages\/345\/revisions"}],"predecessor-version":[{"id":1617,"href":"https:\/\/www.germanica.at\/ggmbh\/bs\/wp-json\/wp\/v2\/pages\/345\/revisions\/1617"}],"wp:attachment":[{"href":"https:\/\/www.germanica.at\/ggmbh\/bs\/wp-json\/wp\/v2\/media?parent=345"}],"curies":[{"name":"wp","href":"https:\/\/api.w.org\/{rel}","templated":true}]}}